{"id":11,"date":"2018-11-12T19:46:00","date_gmt":"2018-11-12T19:46:00","guid":{"rendered":"http:\/\/test.lsbbz.hr\/?page_id=11"},"modified":"2024-02-16T08:56:43","modified_gmt":"2024-02-16T07:56:43","slug":"program-unapredenja-lovstva","status":"publish","type":"page","link":"https:\/\/www.lsbbz.hr\/?page_id=11","title":{"rendered":"Program unapre\u0111enja lovstva"},"content":{"rendered":"\n<div class=\"wp-block-group has-base-color has-text-color has-link-color wp-elements-9654bdc03bdd96d3920b5e9e6559e02a has-global-padding is-layout-constrained wp-block-group-is-layout-constrained\">\n<ul>\n<li>Utvr\u0111ivanje brojnog stanja divlja\u010di u lovi\u0161tima, utvrditi strukturu populacije, zdravstveno stanje i trofejnu vrijednost<\/li>\n\n\n\n<li>Odre\u0111ivanje \u017eeljenih fondova divlja\u010di prema mogu\u0107nosti stani\u0161ta (bonitet)<\/li>\n\n\n\n<li>Vlastiti uzgoj zeca obi\u010dnog kaveznim na\u010dinom, te uzgoj fazana i tr\u010dke kao i uzgoj krupne divlja\u010di u uzgajali\u0161tima (gater)<\/li>\n\n\n\n<li>Stimuliranje odstrela dlakavih i pernatih predatora te njihovu prekobrojnost nu\u017eno svesti na prirodno podno\u0161ljivi broj<\/li>\n\n\n\n<li>Pobolj\u0161anje kvalitete stani\u0161ta (jednogodi\u0161nje i vi\u0161egodi\u0161nje remize)<\/li>\n\n\n\n<li>Osiguranje kvalitete prihrane i prehrane divlja\u010di<\/li>\n\n\n\n<li>Osiguranje mira u lovi\u0161tu i za\u0161tite svih vrsta divlja\u010di uz pobolj\u0161anje rada i djelovanja postoje\u0107e lovo\u010duvarske slu\u017ebe<\/li>\n\n\n\n<li>Stalno pra\u0107enje (monitoring) u svrhu zdravstvene za\u0161tite divlja\u010di<\/li>\n\n\n\n<li>Izvr\u0161enje pravilnog uzgojnog odstrela divlja\u010di<\/li>\n\n\n\n<li>Omogu\u0107avanje i poticanje znanstveno-nau\u010dnih istra\u017eivanja<\/li>\n\n\n\n<li>Prezentiranje postignutih rezultata izlaganja trofeja divlja\u010di, u\u010de\u0161\u0107e na izlo\u017ebama, sajmovima i stru\u010dnim skupovima<\/li>\n\n\n\n<li>Za\u0161ti\u0107ivanje ostalih \u017eivotinjskih vrsta, o\u010duvanje prirodnih stani\u0161ta, biolo\u0161ke ravnote\u017ee te odgovorno i odr\u017eivo gospodarenje prirodnim resursima u lovi\u0161tima<\/li>\n<\/ul>\n\n\n\n<p class=\"has-base-color has-text-color has-link-color wp-elements-8c02a719be4b2d4b7eab2172e14b4cd7\">Temeljem gore navedenih predlo\u017eenih razvojnih aktivnosti Bjelovarsko-bilogorska \u017eupanija donosi odluku o subvencijama u lovstvu i to:<\/p>\n\n\n\n<ul>\n<li>Unos pernate divlja\u010di fazana, tr\u010dki \u2013 sa 50 % sredstava<\/li>\n\n\n\n<li>Unos zeca obi\u010dnog \u2013 sa 50 % sredstava<\/li>\n\n\n\n<li>Stimulacija odstrela predatora \u2013 lisica, \u010daglja i kuna \u2013 sa 50,00 kuna<\/li>\n\n\n\n<li>Premije osiguranje lovi\u0161ta za \u0161tete na divlja\u010di i od divlja\u010di \u2013 sa 75%<\/li>\n\n\n\n<li>Kavezni uzgoj zeca obi\u010dnog<\/li>\n\n\n\n<li>Izgradnja, rekonstrukcija i dogradnja za smje\u0161taj lovaca turista<\/li>\n\n\n\n<li>Promid\u017eba lovstva (izrada lovnih kataloga, monografije, izlo\u017ebe, smotra rogista)<\/li>\n\n\n\n<li>Legalizacija lova\u010dkih ku\u0107a\/domova s prate\u0107im objektima<\/li>\n\n\n\n<li>Kupovina zemlji\u0161ta za osnivanje remiza za divlja\u010d \u2013 sa 50%<\/li>\n\n\n\n<li>Osposobljavanje lovo\u010duvara i ocjenjiva\u010da trofeja divlja\u010di \u2013 sa 50%<\/li>\n\n\n\n<li>Lovna kinologija<\/li>\n\n\n\n<li>Lovno strelja\u0161tvo<\/li>\n<\/ul>\n<\/div>\n","protected":false},"excerpt":{"rendered":"<p>Temeljem gore navedenih predlo\u017eenih razvojnih aktivnosti Bjelovarsko-bilogorska \u017eupanija donosi odluku o subvencijama u lovstvu i to:<\/p>\n","protected":false},"author":2,"featured_media":0,"parent":0,"menu_order":0,"comment_status":"closed","ping_status":"closed","template":"","meta":{"footnotes":""},"_links":{"self":[{"href":"https:\/\/www.lsbbz.hr\/index.php?rest_route=\/wp\/v2\/pages\/11"}],"collection":[{"href":"https:\/\/www.lsbbz.hr\/index.php?rest_route=\/wp\/v2\/pages"}],"about":[{"href":"https:\/\/www.lsbbz.hr\/index.php?rest_route=\/wp\/v2\/types\/page"}],"author":[{"embeddable":true,"href":"https:\/\/www.lsbbz.hr\/index.php?rest_route=\/wp\/v2\/users\/2"}],"replies":[{"embeddable":true,"href":"https:\/\/www.lsbbz.hr\/index.php?rest_route=%2Fwp%2Fv2%2Fcomments&post=11"}],"version-history":[{"count":3,"href":"https:\/\/www.lsbbz.hr\/index.php?rest_route=\/wp\/v2\/pages\/11\/revisions"}],"predecessor-version":[{"id":668,"href":"https:\/\/www.lsbbz.hr\/index.php?rest_route=\/wp\/v2\/pages\/11\/revisions\/668"}],"wp:attachment":[{"href":"https:\/\/www.lsbbz.hr\/index.php?rest_route=%2Fwp%2Fv2%2Fmedia&parent=11"}],"curies":[{"name":"wp","href":"https:\/\/api.w.org\/{rel}","templated":true}]}}