{"id":13,"date":"2018-11-12T19:46:55","date_gmt":"2018-11-12T19:46:55","guid":{"rendered":"http:\/\/test.lsbbz.hr\/?page_id=13"},"modified":"2024-02-16T08:59:37","modified_gmt":"2024-02-16T07:59:37","slug":"izobrazba-lovnih-kadrova","status":"publish","type":"page","link":"https:\/\/www.lsbbz.hr\/?page_id=13","title":{"rendered":"Izobrazba lovnih kadrova"},"content":{"rendered":"\n<div class=\"wp-block-group has-base-color has-text-color has-link-color wp-elements-9fc319560b420e6a230a9eee2105eb42 has-global-padding is-layout-constrained wp-block-group-is-layout-constrained\">\n<p>Na temelju Zakona o lovstvu resorni Ministar donosi Pravilnik o osposobljavanju kadrova u lovstvu. Hrvatski lova\u010dki savez je organizirao izobrazbu i osposobljavanje kadrova u lovstvu preko svojih \u010dlanica odnosno \u017dupanijskih lova\u010dkih saveza. Temeljem Statuta Hrvatskog lova\u010dkog saveza Izvr\u0161ni odbor istoga donosi odluku o visini naknade za izobrazbu:<\/p>\n\n\n\n<ol>\n<li>za lovca = 66,36 EUR ili 132,72 EUR (za kandidate koji su polo\u017eili ispit u drugoj dr\u017eavi)<\/li>\n\n\n\n<li>za lovo\u010duvara = 182,49 EUR<\/li>\n\n\n\n<li>za ocjenjiva\u010da trofeja = 282,04 EUR<\/li>\n<\/ol>\n\n\n\n<p><\/p>\n\n\n\n<h3 class=\"wp-block-heading\">PROGRAMI IZOBRAZBE<\/h3>\n\n\n\n<p>Seminari za lovce provode se temeljem izvedbenog nastavnog plana osposobljavanja u trajanju od 125 sati putem HLS EDU aplikacije, za lovo\u010duvare seminar traje 40 sati, a za ocjenjiva\u010de trofeja seminari i vje\u017ebe traju 60 nastavnih sati. Navedeni seminari odr\u017eavaju se u prostorijama Lova\u010dkog saveza BB\u017d na adresi: Trg Kralja Tomislava 5, 43000 Bjelovar.<\/p>\n<\/div>\n","protected":false},"excerpt":{"rendered":"<p>Na temelju Zakona o lovstvu resorni Ministar donosi Pravilnik o osposobljavanju kadrova u lovstvu. Hrvatski lova\u010dki savez je organizirao izobrazbu i osposobljavanje kadrova u lovstvu preko svojih \u010dlanica odnosno \u017dupanijskih lova\u010dkih saveza. Temeljem Statuta Hrvatskog lova\u010dkog saveza Izvr\u0161ni odbor istoga donosi odluku o visini naknade za izobrazbu: PROGRAMI IZOBRAZBE Seminari za lovce provode se temeljem [&hellip;]<\/p>\n","protected":false},"author":2,"featured_media":0,"parent":0,"menu_order":0,"comment_status":"closed","ping_status":"closed","template":"","meta":{"footnotes":""},"_links":{"self":[{"href":"https:\/\/www.lsbbz.hr\/index.php?rest_route=\/wp\/v2\/pages\/13"}],"collection":[{"href":"https:\/\/www.lsbbz.hr\/index.php?rest_route=\/wp\/v2\/pages"}],"about":[{"href":"https:\/\/www.lsbbz.hr\/index.php?rest_route=\/wp\/v2\/types\/page"}],"author":[{"embeddable":true,"href":"https:\/\/www.lsbbz.hr\/index.php?rest_route=\/wp\/v2\/users\/2"}],"replies":[{"embeddable":true,"href":"https:\/\/www.lsbbz.hr\/index.php?rest_route=%2Fwp%2Fv2%2Fcomments&post=13"}],"version-history":[{"count":6,"href":"https:\/\/www.lsbbz.hr\/index.php?rest_route=\/wp\/v2\/pages\/13\/revisions"}],"predecessor-version":[{"id":670,"href":"https:\/\/www.lsbbz.hr\/index.php?rest_route=\/wp\/v2\/pages\/13\/revisions\/670"}],"wp:attachment":[{"href":"https:\/\/www.lsbbz.hr\/index.php?rest_route=%2Fwp%2Fv2%2Fmedia&parent=13"}],"curies":[{"name":"wp","href":"https:\/\/api.w.org\/{rel}","templated":true}]}}