{"id":15,"date":"2018-11-12T19:47:45","date_gmt":"2018-11-12T19:47:45","guid":{"rendered":"http:\/\/test.lsbbz.hr\/?page_id=15"},"modified":"2024-02-16T13:34:40","modified_gmt":"2024-02-16T12:34:40","slug":"lovna-kinologija","status":"publish","type":"page","link":"https:\/\/www.lsbbz.hr\/?page_id=15","title":{"rendered":"Lovna kinologija"},"content":{"rendered":"\n<div class=\"wp-block-group has-base-color has-text-color has-link-color wp-elements-2c5bf2244704c7df1c8c0835d4a4d6d8 has-global-padding is-layout-constrained wp-block-group-is-layout-constrained\">\n<p>Lovna kinologija u LSBB\u017d je organizirana preko Hrvatskog lova\u010dkog saveza. Lovno kinolo\u0161ki sudci su:<\/p>\n\n\n\n<ul>\n<li>Mato Kova\u010devi\u0107; rad pti\u010dara, \u0161panijela, retrivera i goni\u010da<\/li>\n\n\n\n<li>Mladen Matika; rad pti\u010dara<\/li>\n\n\n\n<li>Velimir Golubi\u0107; rad jamara i krvosljednika<\/li>\n\n\n\n<li>Antun Molnar; rad krvosljednika<\/li>\n<\/ul>\n\n\n\n<p>Tijekom jeseni, iza 15. rujna se odr\u017eavaju lovno-kinolo\u0161ke manifestacije i to: ocjena oblika i ispiti priro\u0111enih osobina svih pasmina lova\u010dkih pasa kao i lovno-kinolo\u0161ki kup Sveti Hubert. Obratite se za vi\u0161e informacija.<\/p>\n\n\n\n<p>U Bjelovarsko &#8211; bilogorskoj \u017eupaniji djeluje nekoliko kvalitetnih uzgajiva\u010da lovnih pasmina pasa koji na lokalnoj i dr\u017eavnoj razini osvajaju visoka mjesta, a to su:<\/p>\n\n\n\n<ul>\n<li>Matija Horvat iz Bjelovara &#8211; ma\u0111arska o\u0161trodlaka vi\u017ela<\/li>\n\n\n\n<li>Zdenko O\u010dko iz Bjelovara &#8211; njema\u010dki pti\u010dar k.d.<\/li>\n\n\n\n<li>Mladen Matika iz Bjelovara &#8211; pointer<\/li>\n\n\n\n<li>Igor Lacina iz G. Polja &#8211; alpski brak jazav\u010dar<\/li>\n\n\n\n<li>Libor Malina iz G. Daruvara &#8211; njema\u010dki pti\u010dar o.d.<\/li>\n\n\n\n<li>Ivica Mihaljinac iz Gare\u0161nice &#8211; njema\u010dki pti\u010dar o.d. i slova\u010dki kopov<\/li>\n<\/ul>\n<\/div>\n","protected":false},"excerpt":{"rendered":"<p>Lovna kinologija u LSBB\u017d je organizirana preko Hrvatskog lova\u010dkog saveza. Lovno kinolo\u0161ki sudci su: Tijekom jeseni, iza 15. rujna se odr\u017eavaju lovno-kinolo\u0161ke manifestacije i to: ocjena oblika i ispiti priro\u0111enih osobina svih pasmina lova\u010dkih pasa kao i lovno-kinolo\u0161ki kup Sveti Hubert. Obratite se za vi\u0161e informacija. U Bjelovarsko &#8211; bilogorskoj \u017eupaniji djeluje nekoliko kvalitetnih uzgajiva\u010da [&hellip;]<\/p>\n","protected":false},"author":2,"featured_media":0,"parent":0,"menu_order":0,"comment_status":"closed","ping_status":"closed","template":"","meta":{"footnotes":""},"_links":{"self":[{"href":"https:\/\/www.lsbbz.hr\/index.php?rest_route=\/wp\/v2\/pages\/15"}],"collection":[{"href":"https:\/\/www.lsbbz.hr\/index.php?rest_route=\/wp\/v2\/pages"}],"about":[{"href":"https:\/\/www.lsbbz.hr\/index.php?rest_route=\/wp\/v2\/types\/page"}],"author":[{"embeddable":true,"href":"https:\/\/www.lsbbz.hr\/index.php?rest_route=\/wp\/v2\/users\/2"}],"replies":[{"embeddable":true,"href":"https:\/\/www.lsbbz.hr\/index.php?rest_route=%2Fwp%2Fv2%2Fcomments&post=15"}],"version-history":[{"count":6,"href":"https:\/\/www.lsbbz.hr\/index.php?rest_route=\/wp\/v2\/pages\/15\/revisions"}],"predecessor-version":[{"id":701,"href":"https:\/\/www.lsbbz.hr\/index.php?rest_route=\/wp\/v2\/pages\/15\/revisions\/701"}],"wp:attachment":[{"href":"https:\/\/www.lsbbz.hr\/index.php?rest_route=%2Fwp%2Fv2%2Fmedia&parent=15"}],"curies":[{"name":"wp","href":"https:\/\/api.w.org\/{rel}","templated":true}]}}