{"id":19,"date":"2018-11-12T19:49:07","date_gmt":"2018-11-12T19:49:07","guid":{"rendered":"http:\/\/test.lsbbz.hr\/?page_id=19"},"modified":"2024-02-16T13:37:27","modified_gmt":"2024-02-16T12:37:27","slug":"lovacki-trofeji-i-trofejistika","status":"publish","type":"page","link":"https:\/\/www.lsbbz.hr\/?page_id=19","title":{"rendered":"Lova\u010dki trofeji i trofejistika"},"content":{"rendered":"\n<div class=\"wp-block-group has-base-color has-text-color has-link-color wp-elements-ba1e1d3ac085de18ac0c782822b02f53 has-global-padding is-layout-constrained wp-block-group-is-layout-constrained\">\n<p>Jedan od glavnih gospodarskih ciljeva lovstva i lovne struke je u prirodnim stani\u0161tima i na prirodan na\u010din uzgojiti zdravu i trofejno jaku divlja\u010d. Trofeje divlja\u010di su ponos i dika lovca koji je stekao, ali i prirode i stani\u0161ta u kojem je ta divlja\u010d uzgojena. Bjelovarsko- bilogorska \u017eupanija je u vrhu na dr\u017eavnoj rang-ljestvici lovne trofejistike, pa mo\u017eemo navesti samo neke:<\/p>\n\n\n\n<ul class=\"is-style-default\">\n<li>Jelen obi\u010dni \u2013 prvak Hrvatske, lovi\u0161te \u201cGarjevica\u201d, lovac Ivica Todori\u0107 261,81 CIC to\u010daka<\/li>\n\n\n\n<li>Srnjak \u2013 lovi\u0161te \u201cBjelovar-Bedenik\u201d lovac Vladimir Pleskalt 152,55 CIC to\u010daka<\/li>\n\n\n\n<li>Jelen lopatar \u2013 lovi\u0161te \u201cGarjevica\u201d lovac Ivica Todori\u0107 212,34 CIC to\u010daka<\/li>\n\n\n\n<li>Muflon \u2013 lovi\u0161te \u201cGarjevica\u201d lovac Ivica Todori\u0107 235,70 CIC to\u010daka<\/li>\n\n\n\n<li>Vepar \u2013 lovi\u0161te \u201cGradina-Krnja\u010da\u201d lovac Damir Vrhovnik 125,10 CIC to\u010daka<\/li>\n\n\n\n<li>Lubanja divlje ma\u010dke \u2013 lovi\u0161te \u201cKomu\u0161eva\u010dki Lug\u201d lovac Zlatko Salaj 18,88 CIC to\u010daka<\/li>\n<\/ul>\n\n\n\n<p>Lova\u010dki savez Bjelovarsko-bilogorske \u017eupanije sudjelovao je na svim dosada\u0161njim izlo\u017ebama trofeja te postigao zapa\u017eene rezultate koji su evidentirani u katalozima izlo\u017ebi lova\u010dkih trofeja i izlo\u017ebi dostignu\u0107a hrvatskog lovstva.<\/p>\n\n\n\n<p>A\u017eurirani popis najja\u010dih trofeja u Republici Hrvatskoj mo\u017eete prona\u0107i na <a href=\"https:\/\/www.hls.com.hr\/trofeistika-2\">stranicama hrvatskog lova\u010dkog saveza<\/a>.<\/p>\n<\/div>\n","protected":false},"excerpt":{"rendered":"<p>Jedan od glavnih gospodarskih ciljeva lovstva i lovne struke je u prirodnim stani\u0161tima i na prirodan na\u010din uzgojiti zdravu i trofejno jaku divlja\u010d. Trofeje divlja\u010di su ponos i dika lovca koji je stekao, ali i prirode i stani\u0161ta u kojem je ta divlja\u010d uzgojena. Bjelovarsko- bilogorska \u017eupanija je u vrhu na dr\u017eavnoj rang-ljestvici lovne trofejistike, [&hellip;]<\/p>\n","protected":false},"author":2,"featured_media":0,"parent":0,"menu_order":0,"comment_status":"closed","ping_status":"closed","template":"","meta":{"footnotes":"[]"},"_links":{"self":[{"href":"https:\/\/www.lsbbz.hr\/index.php?rest_route=\/wp\/v2\/pages\/19"}],"collection":[{"href":"https:\/\/www.lsbbz.hr\/index.php?rest_route=\/wp\/v2\/pages"}],"about":[{"href":"https:\/\/www.lsbbz.hr\/index.php?rest_route=\/wp\/v2\/types\/page"}],"author":[{"embeddable":true,"href":"https:\/\/www.lsbbz.hr\/index.php?rest_route=\/wp\/v2\/users\/2"}],"replies":[{"embeddable":true,"href":"https:\/\/www.lsbbz.hr\/index.php?rest_route=%2Fwp%2Fv2%2Fcomments&post=19"}],"version-history":[{"count":6,"href":"https:\/\/www.lsbbz.hr\/index.php?rest_route=\/wp\/v2\/pages\/19\/revisions"}],"predecessor-version":[{"id":703,"href":"https:\/\/www.lsbbz.hr\/index.php?rest_route=\/wp\/v2\/pages\/19\/revisions\/703"}],"wp:attachment":[{"href":"https:\/\/www.lsbbz.hr\/index.php?rest_route=%2Fwp%2Fv2%2Fmedia&parent=19"}],"curies":[{"name":"wp","href":"https:\/\/api.w.org\/{rel}","templated":true}]}}