{"id":191,"date":"2019-10-21T18:54:12","date_gmt":"2019-10-21T17:54:12","guid":{"rendered":"https:\/\/www.lsbbz.hr\/?page_id=191"},"modified":"2024-07-24T11:23:40","modified_gmt":"2024-07-24T10:23:40","slug":"po-lovistima","status":"publish","type":"page","link":"https:\/\/www.lsbbz.hr\/?page_id=191","title":{"rendered":"Po lovi\u0161tima"},"content":{"rendered":"\n<div class=\"wp-block-group has-base-color has-text-color has-link-color wp-elements-4d6150fd572539b38e0a6b0b9aa2de3f has-global-padding is-layout-constrained wp-block-group-is-layout-constrained\">\n<p>Zajedni\u010dka lovi\u0161ta:<\/p>\n\n\n\n<ul>\n<li><a href=\"https:\/\/www.lsbbz.hr\/?page_id=248\">Hrvatsko lova\u010dko dru\u0161tvo Jelen \u0110ulovac<\/a><\/li>\n\n\n\n<li><a href=\"https:\/\/www.lsbbz.hr\/?page_id=250\">Lova\u010dka udruga Bilo Velika Pisanica<\/a><\/li>\n\n\n\n<li><a href=\"https:\/\/www.lsbbz.hr\/?page_id=252\">Lova\u010dka udruga Bilogora Kapela<\/a><\/li>\n\n\n\n<li><a href=\"https:\/\/www.lsbbz.hr\/?page_id=254\">Lova\u010dka udruga Fazan Daruvar<\/a><\/li>\n\n\n\n<li><a href=\"https:\/\/www.lsbbz.hr\/?page_id=256\">Lova\u010dka udruga Fazan Toma\u0161ica<\/a><\/li>\n\n\n\n<li><a href=\"https:\/\/www.lsbbz.hr\/?page_id=258\">Lova\u010dka udruga Jelen Donji Daruvar<\/a><\/li>\n\n\n\n<li><a href=\"https:\/\/www.lsbbz.hr\/?page_id=263\">Lova\u010dka udruga Lane \u0160androvac<\/a><\/li>\n\n\n\n<li><a href=\"https:\/\/www.lsbbz.hr\/?page_id=265\">Lova\u010dka udruga Lisica \u017ddralovi<\/a><\/li>\n\n\n\n<li><a href=\"https:\/\/www.lsbbz.hr\/?page_id=267\">Lova\u010dka udruga Srnda\u0107 Rovi\u0161\u0107e<\/a><\/li>\n\n\n\n<li><a href=\"https:\/\/www.lsbbz.hr\/?page_id=269\">Lova\u010dka udruga Srnjak Severin<\/a><\/li>\n\n\n\n<li><a href=\"https:\/\/www.lsbbz.hr\/?page_id=271\">Lova\u010dka udruga Veliko Trojstvo<\/a><\/li>\n\n\n\n<li><a href=\"https:\/\/www.lsbbz.hr\/?page_id=274\">Lova\u010dka udruga Vidra \u0160tefanje<\/a><\/li>\n\n\n\n<li><a href=\"https:\/\/www.lsbbz.hr\/?page_id=276\">Lova\u010dka udruga za uzgoj, za\u0161titu i lov divlja\u010di Vidra Kon\u010danica Brestovac<\/a><\/li>\n\n\n\n<li><a href=\"https:\/\/www.lsbbz.hr\/?page_id=278\">Lova\u010dko dru\u0161tvo Berek<\/a><\/li>\n\n\n\n<li><a href=\"https:\/\/www.lsbbz.hr\/?page_id=281\">Lova\u010dko dru\u0161tvo Bilogora Grubi\u0161no Polje<\/a><\/li>\n\n\n\n<li><a href=\"https:\/\/www.lsbbz.hr\/?page_id=283\">Lova\u010dko dru\u0161tvo \u0106uk Cerina<\/a><\/li>\n\n\n\n<li><a href=\"https:\/\/www.lsbbz.hr\/?page_id=285\">Lova\u010dko dru\u0161tvo Fazan Bjelovar<\/a><\/li>\n\n\n\n<li><a href=\"https:\/\/www.lsbbz.hr\/?page_id=287\">Lova\u010dko dru\u0161tvo Gaj Dautan<\/a><\/li>\n\n\n\n<li><a href=\"https:\/\/www.lsbbz.hr\/?page_id=289\">Lova\u010dko dru\u0161tvo Gari\u0107 \u010cazma<\/a><\/li>\n\n\n\n<li><a href=\"https:\/\/www.lsbbz.hr\/?page_id=291\">Lova\u010dko dru\u0161tvo Jelen Hercegovac<\/a><\/li>\n\n\n\n<li><a href=\"https:\/\/www.lsbbz.hr\/?page_id=293\">Lova\u010dko dru\u0161tvo Jelen Rogo\u017ea<\/a><\/li>\n\n\n\n<li><a href=\"https:\/\/www.lsbbz.hr\/?page_id=296\">Lova\u010dko dru\u0161tvo Jelen Veliki Gr\u0111evac<\/a><\/li>\n\n\n\n<li><a href=\"https:\/\/www.lsbbz.hr\/?page_id=298\">Lova\u010dko dru\u0161tvo Jelen Zrinski Topolovac<\/a><\/li>\n\n\n\n<li><a href=\"https:\/\/www.lsbbz.hr\/?page_id=300\">Lova\u010dko dru\u0161tvo Lovac Bjelovar<\/a><\/li>\n\n\n\n<li><a href=\"https:\/\/www.lsbbz.hr\/?page_id=304\">Lova\u010dko dru\u0161tvo Sokol Gornji Draganec<\/a><\/li>\n\n\n\n<li><a href=\"https:\/\/www.lsbbz.hr\/?page_id=306\">Lova\u010dko dru\u0161tvo Srna Nova Ra\u010da<\/a><\/li>\n\n\n\n<li><a href=\"https:\/\/www.lsbbz.hr\/?page_id=308\">Lova\u010dko dru\u0161tvo Srnda\u0107 Gornji Daruvar<\/a><\/li>\n\n\n\n<li><a href=\"https:\/\/www.lsbbz.hr\/?page_id=310\">Lova\u010dko dru\u0161tvo Srnjak Gare\u0161nica<\/a><\/li>\n\n\n\n<li><a href=\"https:\/\/www.lsbbz.hr\/?page_id=312\">Lova\u010dko dru\u0161tvo Srnjak Ivanska<\/a><\/li>\n\n\n\n<li><a href=\"https:\/\/www.lsbbz.hr\/?page_id=314\">Lova\u010dko dru\u0161tvo \u0160ljuka Uljanik<\/a><\/li>\n\n\n\n<li><a href=\"https:\/\/www.lsbbz.hr\/?page_id=316\">Lova\u010dko dru\u0161tvo \u0160ljuka Bjelovar<\/a><\/li>\n\n\n\n<li><a href=\"https:\/\/www.lsbbz.hr\/?page_id=318\">Lova\u010dko dru\u0161tvo Vepar Trnoviti\u010dki Popovac<\/a><\/li>\n\n\n\n<li><a href=\"https:\/\/www.lsbbz.hr\/?page_id=320\">Lova\u010dko dru\u0161tvo Vijenac Gornje Zdjelice<\/a><\/li>\n\n\n\n<li><a href=\"https:\/\/www.lsbbz.hr\/?page_id=322\">Lova\u010dko dru\u0161tvo za uzgoj, za\u0161titu i lov divlja\u010di Srna De\u017eanovac<\/a><\/li>\n\n\n\n<li><a href=\"https:\/\/www.lsbbz.hr\/?page_id=324\">Lova\u010dko dru\u0161tvo za uzgoj, za\u0161titu i lov divlja\u010di Srnjak Maslenja\u010da<\/a><\/li>\n\n\n\n<li><a href=\"https:\/\/www.lsbbz.hr\/?page_id=326\">Lova\u010dko udru\u017eenje Fazan Gudovac<\/a><\/li>\n\n\n\n<li><a href=\"https:\/\/www.lsbbz.hr\/?page_id=328\">Lova\u010dko udru\u017eenje Kuna Kraljevac<\/a><\/li>\n\n\n\n<li><a href=\"https:\/\/www.lsbbz.hr\/?page_id=330\">Lova\u010dko udru\u017eenje Vepar Puri\u010dani<\/a><\/li>\n\n\n\n<li><a href=\"https:\/\/www.lsbbz.hr\/?page_id=332\">Ribnja\u010darstvo d.d.<\/a><\/li>\n<\/ul>\n\n\n\n<p>Dru\u0161tva bez lovi\u0161ta:<\/p>\n\n\n\n<ul>\n<li><a href=\"https:\/\/www.lsbbz.hr\/?page_id=205\">Lova\u010dka udruga Bjelovarsko-bilogorski lovac<\/a><\/li>\n\n\n\n<li><a href=\"https:\/\/www.lsbbz.hr\/?page_id=207\">Lova\u010dka udruga Garjevica \u010cazma<\/a><\/li>\n\n\n\n<li><a href=\"https:\/\/www.lsbbz.hr\/?page_id=211\">Lova\u010dko dru\u0161tvo Jelen Ivanovo Selo<\/a><\/li>\n\n\n\n<li><a href=\"https:\/\/www.lsbbz.hr\/?page_id=213\">Lova\u010dko dru\u0161tvo Srnda\u0107 Veliki i Mali Zdenci<\/a><\/li>\n\n\n\n<li><a href=\"https:\/\/www.lsbbz.hr\/?page_id=191\">Lova\u010dko dru\u0161tvo Fazan Pavlovac<\/a><\/li>\n<\/ul>\n\n\n\n<p>Dr\u017eavna lovi\u0161ta:  <\/p>\n\n\n\n<ul>\n<li><a href=\"https:\/\/www.lsbbz.hr\/?page_id=222\" data-type=\"link\" data-id=\"https:\/\/www.lsbbz.hr\/?page_id=222\">Cervus Elaphus j.d.o.o.<\/a><\/li>\n\n\n\n<li><a href=\"https:\/\/www.lsbbz.hr\/?page_id=225\" data-type=\"link\" data-id=\"https:\/\/www.lsbbz.hr\/?page_id=225\">Inter-promet d.o.o.<\/a><\/li>\n\n\n\n<li><a href=\"https:\/\/www.lsbbz.hr\/?page_id=227\" data-type=\"link\" data-id=\"https:\/\/www.lsbbz.hr\/?page_id=227\">Lova\u010dka udruga Jelen Velika Hrastilnica<\/a><\/li>\n\n\n\n<li><a href=\"https:\/\/www.lsbbz.hr\/?page_id=229\" data-type=\"link\" data-id=\"https:\/\/www.lsbbz.hr\/?page_id=229\">Lova\u010dko dru\u0161tvo Bilogora Grubi\u0161no Polje<\/a><\/li>\n\n\n\n<li><a href=\"https:\/\/www.lsbbz.hr\/?page_id=231\" data-type=\"link\" data-id=\"https:\/\/www.lsbbz.hr\/?page_id=231\">Lova\u010dko dru\u0161tvo Vepar Re\u010dica Kri\u0161ka<\/a><\/li>\n\n\n\n<li><a href=\"https:\/\/www.lsbbz.hr\/?page_id=236\" data-type=\"link\" data-id=\"https:\/\/www.lsbbz.hr\/?page_id=236\">Lovno gospodarstvo Moslavina plus d.o.o.<\/a><\/li>\n\n\n\n<li><a href=\"https:\/\/www.lsbbz.hr\/?page_id=239\" data-type=\"link\" data-id=\"https:\/\/www.lsbbz.hr\/?page_id=239\">Plangrad Duga\u010dki Gaj d.o.o.<\/a><\/li>\n\n\n\n<li><a href=\"https:\/\/www.lsbbz.hr\/?page_id=241\" data-type=\"link\" data-id=\"https:\/\/www.lsbbz.hr\/?page_id=241\">Ribnja\u010darstvo Kon\u010danica d.o.o.<\/a><\/li>\n\n\n\n<li><a href=\"https:\/\/www.lsbbz.hr\/?page_id=245\" data-type=\"link\" data-id=\"https:\/\/www.lsbbz.hr\/?page_id=245\">TM-Lovstvo d.o.o.<\/a><\/li>\n<\/ul>\n<\/div>\n","protected":false},"excerpt":{"rendered":"<p>Zajedni\u010dka lovi\u0161ta: Dru\u0161tva bez lovi\u0161ta: Dr\u017eavna lovi\u0161ta:<\/p>\n","protected":false},"author":1,"featured_media":0,"parent":0,"menu_order":0,"comment_status":"closed","ping_status":"closed","template":"","meta":{"footnotes":""},"_links":{"self":[{"href":"https:\/\/www.lsbbz.hr\/index.php?rest_route=\/wp\/v2\/pages\/191"}],"collection":[{"href":"https:\/\/www.lsbbz.hr\/index.php?rest_route=\/wp\/v2\/pages"}],"about":[{"href":"https:\/\/www.lsbbz.hr\/index.php?rest_route=\/wp\/v2\/types\/page"}],"author":[{"embeddable":true,"href":"https:\/\/www.lsbbz.hr\/index.php?rest_route=\/wp\/v2\/users\/1"}],"replies":[{"embeddable":true,"href":"https:\/\/www.lsbbz.hr\/index.php?rest_route=%2Fwp%2Fv2%2Fcomments&post=191"}],"version-history":[{"count":23,"href":"https:\/\/www.lsbbz.hr\/index.php?rest_route=\/wp\/v2\/pages\/191\/revisions"}],"predecessor-version":[{"id":735,"href":"https:\/\/www.lsbbz.hr\/index.php?rest_route=\/wp\/v2\/pages\/191\/revisions\/735"}],"wp:attachment":[{"href":"https:\/\/www.lsbbz.hr\/index.php?rest_route=%2Fwp%2Fv2%2Fmedia&parent=191"}],"curies":[{"name":"wp","href":"https:\/\/api.w.org\/{rel}","templated":true}]}}