{"id":193,"date":"2019-10-21T18:55:13","date_gmt":"2019-10-21T17:55:13","guid":{"rendered":"https:\/\/www.lsbbz.hr\/?page_id=193"},"modified":"2024-02-16T08:27:10","modified_gmt":"2024-02-16T07:27:10","slug":"po-lovnim-uredima","status":"publish","type":"page","link":"https:\/\/www.lsbbz.hr\/?page_id=193","title":{"rendered":"Po lovnim uredima"},"content":{"rendered":"\n<div class=\"wp-block-group has-base-color has-text-color has-link-color wp-elements-6a75d95404945d656065fc29fe010d70 has-global-padding is-layout-constrained wp-block-group-is-layout-constrained\">\n<p>Lovni ured Bjelovar:<\/p>\n\n\n\n<ul>\n<li>Lova\u010dko udru\u017eenje Kuna Kraljevac<\/li>\n\n\n\n<li><a href=\"\/?page_id=250\" data-type=\"link\" data-id=\"\/?page_id=250\">Lova\u010dka udruga Bilo Velika Pisanica<\/a><\/li>\n\n\n\n<li><a href=\"\/?page_id=252\" data-type=\"link\" data-id=\"\/?page_id=252\">Lova\u010dka udruga Bilogora Kapela<\/a><\/li>\n\n\n\n<li><a href=\"\/?page_id=205\" data-type=\"link\" data-id=\"\/?page_id=205\">Lova\u010dka udruga Bjelovarsko-bilogorski lovac<\/a><\/li>\n\n\n\n<li><a href=\"\/?page_id=261\" data-type=\"link\" data-id=\"\/?page_id=261\">Lova\u010dka udruga Lane \u0160androvac<\/a><\/li>\n\n\n\n<li><a href=\"\/?page_id=265\" data-type=\"link\" data-id=\"\/?page_id=265\">Lova\u010dka udruga Lisica \u017ddralovi<\/a><\/li>\n\n\n\n<li><a href=\"\/?page_id=267\" data-type=\"link\" data-id=\"\/?page_id=267\">Lova\u010dka udruga Srnda\u0107 Rovi\u0161\u0107e<\/a><\/li>\n\n\n\n<li><a href=\"\/?page_id=269\" data-type=\"link\" data-id=\"\/?page_id=269\">Lova\u010dka udruga Srnjak Severin<\/a><\/li>\n\n\n\n<li><a href=\"\/?page_id=271\" data-type=\"link\" data-id=\"\/?page_id=271\">Lova\u010dka udruga Veliko Trojstvo<\/a><\/li>\n\n\n\n<li><a href=\"\/?page_id=285\" data-type=\"link\" data-id=\"\/?page_id=285\">Lova\u010dko dru\u0161tvo Fazan Bjelovar<\/a><\/li>\n\n\n\n<li><a href=\"\/?page_id=287\" data-type=\"link\" data-id=\"\/?page_id=287\">Lova\u010dko dru\u0161tvo Gaj Dautan<\/a><\/li>\n\n\n\n<li><a href=\"\/?page_id=298\" data-type=\"link\" data-id=\"\/?page_id=298\">Lova\u010dko dru\u0161tvo Jelen Zrinski Topolovac<\/a><\/li>\n\n\n\n<li><a href=\"\/?page_id=300\" data-type=\"link\" data-id=\"\/?page_id=300\">Lova\u010dko dru\u0161tvo Lovac Bjelovar<\/a><\/li>\n\n\n\n<li><a href=\"\/?page_id=306\" data-type=\"link\" data-id=\"\/?page_id=306\">Lova\u010dko dru\u0161tvo Srna Nova Ra\u010da<\/a><\/li>\n\n\n\n<li><a href=\"\/?page_id=316\" data-type=\"link\" data-id=\"\/?page_id=316\">Lova\u010dko dru\u0161tvo \u0160ljuka Bjelovar<\/a><\/li>\n\n\n\n<li><a href=\"\/?page_id=320\" data-type=\"link\" data-id=\"\/?page_id=320\">Lova\u010dko dru\u0161tvo Vijenac Gornje Zdjelice<\/a><\/li>\n\n\n\n<li><a href=\"\/?page_id=326\" data-type=\"link\" data-id=\"\/?page_id=326\">Lova\u010dko udru\u017eenje Fazan Gudovac<\/a><\/li>\n\n\n\n<li>Lova\u010dko udru\u017eenje Vepar Puri\u010dani<\/li>\n<\/ul>\n\n\n\n<p>Lovni ured \u010cazma:<\/p>\n\n\n\n<ul>\n<li><a href=\"\/?page_id=207\">Lova\u010dka udruga Garjevica \u010cazma<\/a> <\/li>\n\n\n\n<li><a href=\"\/?page_id=274\">Lova\u010dka udruga Vidra \u0160tefanje<\/a> <\/li>\n\n\n\n<li><a href=\"\/?page_id=283\">Lova\u010dko dru\u0161tvo \u0106uk Cerina<\/a> <\/li>\n\n\n\n<li><a href=\"\/?page_id=289\">Lova\u010dko dru\u0161tvo Gari\u0107 \u010cazma<\/a> <\/li>\n\n\n\n<li><a href=\"\/?page_id=304\">Lova\u010dko dru\u0161tvo Sokol Gornji Draganec<\/a> <\/li>\n\n\n\n<li><a href=\"\/?page_id=312\">Lova\u010dko dru\u0161tvo Srnjak Ivanska<\/a> <\/li>\n\n\n\n<li><a href=\"\/?page_id=231\">Lova\u010dko dru\u0161tvo Vepar Re\u010dica Kri\u0161ka<\/a> <\/li>\n\n\n\n<li><a href=\"\/?page_id=239\">Plangrad Duga\u010dki Gaj d.o.o.<\/a> <\/li>\n<\/ul>\n\n\n\n<p>Lovni ured Daruvar:<\/p>\n\n\n\n<ul>\n<li><a href=\"\/?page_id=248\">Hrvatsko lova\u010dko dru\u0161tvo Jelen \u0110ulovac<\/a> <\/li>\n\n\n\n<li><a href=\"\/?page_id=225\">Inter-promet d.o.o.<\/a> <\/li>\n\n\n\n<li><a href=\"\/?page_id=254\">Lova\u010dka udruga Fazan Daruvar<\/a><\/li>\n\n\n\n<li><a href=\"\/?page_id=258\">Lova\u010dka udruga Jelen Donji Daruvar<\/a> <\/li>\n\n\n\n<li><a href=\"\/?page_id=276\">Lova\u010dka udruga za uzgoj, za\u0161titu i lov divlja\u010di Vidra Kon\u010danica Brestovac<\/a> <\/li>\n\n\n\n<li><a href=\"\/?page_id=308\">Lova\u010dko dru\u0161tvo Srnda\u0107 Gornji Daruvar<\/a> <\/li>\n\n\n\n<li><a href=\"\/?page_id=322\">Lova\u010dko dru\u0161tvo za uzgoj, za\u0161titu i lov divlja\u010di Srna De\u017eanovac<\/a> <\/li>\n\n\n\n<li><a href=\"\/?page_id=324\">Lova\u010dko dru\u0161tvo za uzgoj, za\u0161titu i lov divlja\u010di Srnjak Maslenja\u010da<\/a> <\/li>\n\n\n\n<li><a href=\"\/?page_id=332\">Ribnja\u010darstvo Kon\u010danica d.d.<\/a> <\/li>\n\n\n\n<li><a href=\"\/?page_id=241\">Ribnja\u010darstvo Kon\u010danica d.d.<\/a> <\/li>\n\n\n\n<li><a href=\"\/?page_id=245\">TM-Lovstvo d.o.o.<\/a> <\/li>\n<\/ul>\n\n\n\n<p>Lovni ured Gare\u0161nica:<\/p>\n\n\n\n<ul>\n<li><a href=\"\/?page_id=256\">Lova\u010dka udruga Fazan Toma\u0161ica<\/a> <\/li>\n\n\n\n<li><a href=\"\/?page_id=227\">Lova\u010dka udruga Jelen Velika Hrastilnica<\/a> <\/li>\n\n\n\n<li><a href=\"\/?page_id=278\">Lova\u010dko dru\u0161tvo Berek<\/a> <\/li>\n\n\n\n<li><a href=\"\/?page_id=291\">Lova\u010dko dru\u0161tvo Jelen Hercegovac<\/a> <\/li>\n\n\n\n<li><a href=\"\/?page_id=293\">Lova\u010dko dru\u0161tvo Jelen Rogo\u017ea<\/a> <\/li>\n\n\n\n<li><a href=\"\/?page_id=310\">Lova\u010dko dru\u0161tvo Srnjak Gare\u0161nica<\/a> <\/li>\n\n\n\n<li><a href=\"\/?page_id=314\">Lova\u010dko dru\u0161tvo \u0160ljuka Uljanik<\/a> <\/li>\n\n\n\n<li><a href=\"\/?page_id=318\">Lova\u010dko dru\u0161tvo Vepar Trnoviti\u010dki Popovac<\/a> <\/li>\n\n\n\n<li><a href=\"\/?page_id=236\">Lovno gospodarstvo Moslavina plus d.o.o.<\/a> <\/li>\n<\/ul>\n\n\n\n<p>Lovni ured Grubi\u0161no Polje:<\/p>\n\n\n\n<ul>\n<li><a href=\"\/?page_id=281\">Lova\u010dko dru\u0161tvo Bilogora Grubi\u0161no Polje<\/a> <\/li>\n\n\n\n<li><a href=\"\/?page_id=211\">Lova\u010dko dru\u0161tvo Jelen Ivanovo Selo<\/a> <\/li>\n\n\n\n<li><a href=\"\/?page_id=296\">Lova\u010dko dru\u0161tvo Jelen Veliki Gr\u0111evac<\/a> <\/li>\n\n\n\n<li><a href=\"\/?page_id=213\">Lova\u010dko dru\u0161tvo Srnda\u0107 Veliki i Mali Zdenci<\/a> <\/li>\n\n\n\n<li>Lova\u010dko dru\u0161tvo Fazan Pavlovac<\/li>\n<\/ul>\n<\/div>\n","protected":false},"excerpt":{"rendered":"<p>Lovni ured Bjelovar: Lovni ured \u010cazma: Lovni ured Daruvar: Lovni ured Gare\u0161nica: Lovni ured Grubi\u0161no Polje:<\/p>\n","protected":false},"author":1,"featured_media":0,"parent":0,"menu_order":0,"comment_status":"closed","ping_status":"closed","template":"","meta":{"footnotes":""},"_links":{"self":[{"href":"https:\/\/www.lsbbz.hr\/index.php?rest_route=\/wp\/v2\/pages\/193"}],"collection":[{"href":"https:\/\/www.lsbbz.hr\/index.php?rest_route=\/wp\/v2\/pages"}],"about":[{"href":"https:\/\/www.lsbbz.hr\/index.php?rest_route=\/wp\/v2\/types\/page"}],"author":[{"embeddable":true,"href":"https:\/\/www.lsbbz.hr\/index.php?rest_route=\/wp\/v2\/users\/1"}],"replies":[{"embeddable":true,"href":"https:\/\/www.lsbbz.hr\/index.php?rest_route=%2Fwp%2Fv2%2Fcomments&post=193"}],"version-history":[{"count":29,"href":"https:\/\/www.lsbbz.hr\/index.php?rest_route=\/wp\/v2\/pages\/193\/revisions"}],"predecessor-version":[{"id":665,"href":"https:\/\/www.lsbbz.hr\/index.php?rest_route=\/wp\/v2\/pages\/193\/revisions\/665"}],"wp:attachment":[{"href":"https:\/\/www.lsbbz.hr\/index.php?rest_route=%2Fwp%2Fv2%2Fmedia&parent=193"}],"curies":[{"name":"wp","href":"https:\/\/api.w.org\/{rel}","templated":true}]}}