{"id":207,"date":"2019-11-16T13:48:17","date_gmt":"2019-11-16T12:48:17","guid":{"rendered":"https:\/\/www.lsbbz.hr\/?page_id=207"},"modified":"2024-03-06T11:50:23","modified_gmt":"2024-03-06T10:50:23","slug":"lovacka-udruga-garjevica-cazma","status":"publish","type":"page","link":"https:\/\/www.lsbbz.hr\/?page_id=207","title":{"rendered":"Lova\u010dka udruga Garjevica \u010cazma"},"content":{"rendered":"\n<figure class=\"wp-block-table is-style-stripes\"><table class=\"has-base-color has-text-color has-link-color\"><tbody><tr><td>\n  Naziv dru\u0161tva\n  <\/td><td>Lova\u010dka udruga &#8220;Garjevica&#8221; \u010cazma<\/td><td>\n  &nbsp;\n  <\/td><\/tr><tr><td>\n  Adresa\n  <\/td><td>Kralja Tomislava 3   <\/td><td>\n  &nbsp;\n  <\/td><\/tr><tr><td>\n  Po\u0161ta\n  <\/td><td>\u010cazma   <\/td><td>\n  &nbsp;\n  <\/td><\/tr><tr><td>\n  OIB\n  <\/td><td>99829932648   <\/td><td>\n  &nbsp;\n  <\/td><\/tr><tr><td>\n  IBAN\n  <\/td><td>HR8424020061100463710   <\/td><td>\n  &nbsp;\n  <\/td><\/tr><tr><td>\n  Predsjednik\n  <\/td><td>Taba\u010dek Danko   <\/td><td>\n  091\/350-71-85\n  <\/td><\/tr><tr><td>\n  Tajnik\n  <\/td><td>Tonkovi\u0107 Zdravko  <\/td><td>   091\/723-65-63   <\/td><\/tr><tr><td>\n  Broj i naziv lovi\u0161ta\n  <\/td><td>\/   <\/td><td>\n  &nbsp;\n  <\/td><\/tr><tr><td>\n  Broj lovaca\n  <\/td><td>12   <\/td><td>\n  &nbsp;\n  <\/td><\/tr><tr><td>   e-mail   <\/td><td>danko.tabacek@gumiimpex.hr<br>zbtonkovic@gmail.com <\/td><td>\n  &nbsp;\n  <\/td><\/tr><\/tbody><\/table><\/figure>\n","protected":false},"excerpt":{"rendered":"<p>Naziv dru\u0161tva Lova\u010dka udruga &#8220;Garjevica&#8221; \u010cazma &nbsp; Adresa Kralja Tomislava 3 &nbsp; Po\u0161ta \u010cazma &nbsp; OIB 99829932648 &nbsp; IBAN HR8424020061100463710 &nbsp; Predsjednik Taba\u010dek Danko 091\/350-71-85 Tajnik Tonkovi\u0107 Zdravko 091\/723-65-63 Broj i naziv lovi\u0161ta \/ &nbsp; Broj lovaca 12 &nbsp; e-mail danko.tabacek@gumiimpex.hrzbtonkovic@gmail.com &nbsp;<\/p>\n","protected":false},"author":1,"featured_media":0,"parent":0,"menu_order":0,"comment_status":"closed","ping_status":"closed","template":"","meta":{"footnotes":""},"_links":{"self":[{"href":"https:\/\/www.lsbbz.hr\/index.php?rest_route=\/wp\/v2\/pages\/207"}],"collection":[{"href":"https:\/\/www.lsbbz.hr\/index.php?rest_route=\/wp\/v2\/pages"}],"about":[{"href":"https:\/\/www.lsbbz.hr\/index.php?rest_route=\/wp\/v2\/types\/page"}],"author":[{"embeddable":true,"href":"https:\/\/www.lsbbz.hr\/index.php?rest_route=\/wp\/v2\/users\/1"}],"replies":[{"embeddable":true,"href":"https:\/\/www.lsbbz.hr\/index.php?rest_route=%2Fwp%2Fv2%2Fcomments&post=207"}],"version-history":[{"count":7,"href":"https:\/\/www.lsbbz.hr\/index.php?rest_route=\/wp\/v2\/pages\/207\/revisions"}],"predecessor-version":[{"id":711,"href":"https:\/\/www.lsbbz.hr\/index.php?rest_route=\/wp\/v2\/pages\/207\/revisions\/711"}],"wp:attachment":[{"href":"https:\/\/www.lsbbz.hr\/index.php?rest_route=%2Fwp%2Fv2%2Fmedia&parent=207"}],"curies":[{"name":"wp","href":"https:\/\/api.w.org\/{rel}","templated":true}]}}