{"id":21,"date":"2018-11-12T19:49:50","date_gmt":"2018-11-12T19:49:50","guid":{"rendered":"http:\/\/test.lsbbz.hr\/?page_id=21"},"modified":"2024-02-16T09:08:10","modified_gmt":"2024-02-16T08:08:10","slug":"ponuda-i-cjenik-usluga","status":"publish","type":"page","link":"https:\/\/www.lsbbz.hr\/?page_id=21","title":{"rendered":"Ponuda usluga"},"content":{"rendered":"\n<div class=\"wp-block-group has-base-color has-text-color has-link-color wp-elements-d7e948d722fc72f58a82af2fbff8b1a4 has-global-padding is-layout-constrained wp-block-group-is-layout-constrained\">\n<p>Na podru\u010dju Bjelovarsko-bilogorske \u017eupanije turizam, prvenstveno lovni, predstavlja sve zna\u010dajniju gospodarsku djelatnost, a temelji se na odgovornom i odr\u017eivom principu razvoja, imaju\u0107i na umu prirodne zakone i funkcioniranje biocenoze u cjelini. Odr\u017eivi razvoj turizma je onaj koji ne ugro\u017eava prirodno i kulturno naslje\u0111e i to je jedini oblik i na\u010din razvitka turizma koji si smijemo priu\u0161titi. Lovci Bjelovarsko-bilogorske \u017eupanije mogu za potrebe lovnog turizma dati do 50 % propisane odstrijelne kvote divlja\u010di.<\/p>\n\n\n\n<p>BB\u017d tako\u0111er mo\u017ee ponuditi 200 lovnih dana pau\u0161alnih lovova na divlje svinje i 200 lovnih dana pau\u0161alnih lovova na pernatu divlja\u010d (\u0161ljuke i prepelice pu\u0107pure).<\/p>\n\n\n\n<p>Turisti\u010dki lov vr\u0161i se preko putni\u010dkih i lovno-turisti\u010dkih agencija.<\/p>\n<\/div>\n","protected":false},"excerpt":{"rendered":"<p>Na podru\u010dju Bjelovarsko-bilogorske \u017eupanije turizam, prvenstveno lovni, predstavlja sve zna\u010dajniju gospodarsku djelatnost, a temelji se na odgovornom i odr\u017eivom principu razvoja, imaju\u0107i na umu prirodne zakone i funkcioniranje biocenoze u cjelini. Odr\u017eivi razvoj turizma je onaj koji ne ugro\u017eava prirodno i kulturno naslje\u0111e i to je jedini oblik i na\u010din razvitka turizma koji si smijemo [&hellip;]<\/p>\n","protected":false},"author":2,"featured_media":0,"parent":0,"menu_order":0,"comment_status":"closed","ping_status":"closed","template":"","meta":{"footnotes":""},"_links":{"self":[{"href":"https:\/\/www.lsbbz.hr\/index.php?rest_route=\/wp\/v2\/pages\/21"}],"collection":[{"href":"https:\/\/www.lsbbz.hr\/index.php?rest_route=\/wp\/v2\/pages"}],"about":[{"href":"https:\/\/www.lsbbz.hr\/index.php?rest_route=\/wp\/v2\/types\/page"}],"author":[{"embeddable":true,"href":"https:\/\/www.lsbbz.hr\/index.php?rest_route=\/wp\/v2\/users\/2"}],"replies":[{"embeddable":true,"href":"https:\/\/www.lsbbz.hr\/index.php?rest_route=%2Fwp%2Fv2%2Fcomments&post=21"}],"version-history":[{"count":5,"href":"https:\/\/www.lsbbz.hr\/index.php?rest_route=\/wp\/v2\/pages\/21\/revisions"}],"predecessor-version":[{"id":678,"href":"https:\/\/www.lsbbz.hr\/index.php?rest_route=\/wp\/v2\/pages\/21\/revisions\/678"}],"wp:attachment":[{"href":"https:\/\/www.lsbbz.hr\/index.php?rest_route=%2Fwp%2Fv2%2Fmedia&parent=21"}],"curies":[{"name":"wp","href":"https:\/\/api.w.org\/{rel}","templated":true}]}}