{"id":211,"date":"2019-11-16T13:49:57","date_gmt":"2019-11-16T12:49:57","guid":{"rendered":"https:\/\/www.lsbbz.hr\/?page_id=211"},"modified":"2023-04-21T07:35:08","modified_gmt":"2023-04-21T06:35:08","slug":"lovacko-drustvo-jelen-ivanovo-selo","status":"publish","type":"page","link":"https:\/\/www.lsbbz.hr\/?page_id=211","title":{"rendered":"Lova\u010dko dru\u0161tvo Jelen Ivanovo Selo"},"content":{"rendered":"\n<table class=\"wp-block-table is-style-stripes\"><tbody><tr><td>\n  Naziv dru\u0161tva\n  <\/td><td>   Lova\u010dko   dru\u0161tvo \u201cJelen\u201d Ivanovo Selo&nbsp;&nbsp;    <\/td><td>\n  &nbsp;\n  <\/td><\/tr><tr><td>\n  Adresa\n  <\/td><td>\n  Rastovac 46\n  <\/td><td>\n  &nbsp;\n  <\/td><\/tr><tr><td>\n  Po\u0161ta\n  <\/td><td>\n  Rastovac\n  <\/td><td>\n  &nbsp;\n  <\/td><\/tr><tr><td>\n  OIB\n  <\/td><td>\n  16253887246\n  <\/td><td>\n  &nbsp;\n  <\/td><\/tr><tr><td>\n  IBAN\n  <\/td><td>\n  HR7823860021100514209\n  <\/td><td>\n  &nbsp;\n  <\/td><\/tr><tr><td>\n  Predsjednik\n  <\/td><td>\n  Mika Dalibor\n  <\/td><td>\n  091\/565-2099\n  <\/td><\/tr><tr><td>\n  Tajnik\n  <\/td><td> <\/td><td>    <\/td><\/tr><tr><td>\n  Broj i naziv lovi\u0161ta\n  <\/td><td>\n  \/\n  <\/td><td>\n  &nbsp;\n  <\/td><\/tr><tr><td>\n  Broj lovaca\n  <\/td><td>   0   <\/td><td>\n  &nbsp;\n  <\/td><\/tr><tr><td>\n  e-mail\n  <\/td><td>\n  dalibor.mika@gmail.com\n  <\/td><td>\n  &nbsp;\n  <\/td><\/tr><\/tbody><\/table>\n","protected":false},"excerpt":{"rendered":"<p>Naziv dru\u0161tva Lova\u010dko dru\u0161tvo \u201cJelen\u201d Ivanovo Selo&nbsp;&nbsp; &nbsp; Adresa Rastovac 46 &nbsp; Po\u0161ta Rastovac &nbsp; OIB 16253887246 &nbsp; IBAN HR7823860021100514209 &nbsp; Predsjednik Mika Dalibor 091\/565-2099 Tajnik Broj i naziv lovi\u0161ta \/ &nbsp; Broj lovaca 0 &nbsp; e-mail dalibor.mika@gmail.com &nbsp;<\/p>\n","protected":false},"author":1,"featured_media":0,"parent":0,"menu_order":0,"comment_status":"closed","ping_status":"closed","template":"","meta":{"footnotes":""},"_links":{"self":[{"href":"https:\/\/www.lsbbz.hr\/index.php?rest_route=\/wp\/v2\/pages\/211"}],"collection":[{"href":"https:\/\/www.lsbbz.hr\/index.php?rest_route=\/wp\/v2\/pages"}],"about":[{"href":"https:\/\/www.lsbbz.hr\/index.php?rest_route=\/wp\/v2\/types\/page"}],"author":[{"embeddable":true,"href":"https:\/\/www.lsbbz.hr\/index.php?rest_route=\/wp\/v2\/users\/1"}],"replies":[{"embeddable":true,"href":"https:\/\/www.lsbbz.hr\/index.php?rest_route=%2Fwp%2Fv2%2Fcomments&post=211"}],"version-history":[{"count":4,"href":"https:\/\/www.lsbbz.hr\/index.php?rest_route=\/wp\/v2\/pages\/211\/revisions"}],"predecessor-version":[{"id":500,"href":"https:\/\/www.lsbbz.hr\/index.php?rest_route=\/wp\/v2\/pages\/211\/revisions\/500"}],"wp:attachment":[{"href":"https:\/\/www.lsbbz.hr\/index.php?rest_route=%2Fwp%2Fv2%2Fmedia&parent=211"}],"curies":[{"name":"wp","href":"https:\/\/api.w.org\/{rel}","templated":true}]}}