{"id":222,"date":"2019-11-16T14:00:14","date_gmt":"2019-11-16T13:00:14","guid":{"rendered":"https:\/\/www.lsbbz.hr\/?page_id=222"},"modified":"2023-07-31T08:54:47","modified_gmt":"2023-07-31T07:54:47","slug":"hittner-d-o-o","status":"publish","type":"page","link":"https:\/\/www.lsbbz.hr\/?page_id=222","title":{"rendered":"Cervus Elaphus j.d.o.o."},"content":{"rendered":"\n<table class=\"wp-block-table is-style-stripes\"><tbody><tr><td>\n  Lovozakupnik\n  <\/td><td>   Cervus Elaphus j.d.o.o. <\/td><td>\n  &nbsp;\n  <\/td><\/tr><tr><td>\n  Naziv dru\u0161tva\n  <\/td><td>\n  <strong>&nbsp;<\/strong>\n  <\/td><td>\n  &nbsp;\n  <\/td><\/tr><tr><td>\n  Adresa\n  <\/td><td>Nova cesta 2<\/td><td>\n  &nbsp;\n  <\/td><\/tr><tr><td>\n  Po\u0161ta\n  <\/td><td> 49217 Krapinske Toplice<\/td><td>\n  &nbsp;\n  <\/td><\/tr><tr><td>\n  OIB\n  <\/td><td>66265950078<\/td><td>\n  &nbsp;\n  <\/td><\/tr><tr><td>\n  IBAN\n  <\/td><td> <\/td><td>\n  &nbsp;\n  <\/td><\/tr><tr><td>   Osoba za zastupanje   <\/td><td>Goran Bi\u017ei\u0107<\/td><td>\n  &nbsp;\n  <\/td><\/tr><tr><td>   Kontakt osoba   <\/td><td>Hrvoje Selak<\/td><td>   099\/400-8855&nbsp;   <\/td><\/tr><tr><td>\n  Broj i naziv lovi\u0161ta\n  <\/td><td>\n  VII\/2 \u201cBJELOVARSKA\n  BILOGORA\u201d\n  <\/td><td>\n  &nbsp;\n  <\/td><\/tr><tr><td>\n  Broj lovaca\n  <\/td><td><\/td><td>\n  &nbsp;\n  <\/td><\/tr><tr><td>\n  e-mail\n  <\/td><td>info.cervuselaphus@gmail.com<\/td><td>\n  &nbsp;\n  <\/td><\/tr><\/tbody><\/table>\n\n\n\n<p><\/p>\n\n\n\n<p><\/p>\n","protected":false},"excerpt":{"rendered":"<p>Lovozakupnik Cervus Elaphus j.d.o.o. &nbsp; Naziv dru\u0161tva &nbsp; &nbsp; Adresa Nova cesta 2 &nbsp; Po\u0161ta 49217 Krapinske Toplice &nbsp; OIB 66265950078 &nbsp; IBAN &nbsp; Osoba za zastupanje Goran Bi\u017ei\u0107 &nbsp; Kontakt osoba Hrvoje Selak 099\/400-8855&nbsp; Broj i naziv lovi\u0161ta VII\/2 \u201cBJELOVARSKA BILOGORA\u201d &nbsp; Broj lovaca &nbsp; e-mail info.cervuselaphus@gmail.com &nbsp;<\/p>\n","protected":false},"author":1,"featured_media":0,"parent":0,"menu_order":0,"comment_status":"closed","ping_status":"closed","template":"","meta":{"footnotes":""},"_links":{"self":[{"href":"https:\/\/www.lsbbz.hr\/index.php?rest_route=\/wp\/v2\/pages\/222"}],"collection":[{"href":"https:\/\/www.lsbbz.hr\/index.php?rest_route=\/wp\/v2\/pages"}],"about":[{"href":"https:\/\/www.lsbbz.hr\/index.php?rest_route=\/wp\/v2\/types\/page"}],"author":[{"embeddable":true,"href":"https:\/\/www.lsbbz.hr\/index.php?rest_route=\/wp\/v2\/users\/1"}],"replies":[{"embeddable":true,"href":"https:\/\/www.lsbbz.hr\/index.php?rest_route=%2Fwp%2Fv2%2Fcomments&post=222"}],"version-history":[{"count":11,"href":"https:\/\/www.lsbbz.hr\/index.php?rest_route=\/wp\/v2\/pages\/222\/revisions"}],"predecessor-version":[{"id":571,"href":"https:\/\/www.lsbbz.hr\/index.php?rest_route=\/wp\/v2\/pages\/222\/revisions\/571"}],"wp:attachment":[{"href":"https:\/\/www.lsbbz.hr\/index.php?rest_route=%2Fwp%2Fv2%2Fmedia&parent=222"}],"curies":[{"name":"wp","href":"https:\/\/api.w.org\/{rel}","templated":true}]}}