{"id":225,"date":"2019-11-16T14:01:30","date_gmt":"2019-11-16T13:01:30","guid":{"rendered":"https:\/\/www.lsbbz.hr\/?page_id=225"},"modified":"2021-09-17T11:16:44","modified_gmt":"2021-09-17T10:16:44","slug":"inter-promet-d-o-o","status":"publish","type":"page","link":"https:\/\/www.lsbbz.hr\/?page_id=225","title":{"rendered":"Inter-promet d.o.o."},"content":{"rendered":"\n<table class=\"wp-block-table is-style-stripes\"><tbody><tr><td>\n  Naziv lovozakupnika\n  <\/td><td>\n  <strong>Inter-promet\n  d.o.o.<\/strong>\n  <\/td><td>\n  &nbsp;\n  <\/td><\/tr><tr><td>\n  Naziv dru\u0161tva\n  <\/td><td>\n  <strong>Lova\u010dka\n  udruga \u201cJavornik\u201d Sira\u010d<\/strong>\n  <\/td><td>\n  &nbsp;\n  <\/td><\/tr><tr><td>\n  Adresa\n  <\/td><td>\n  Stjepana Radi\u0107a 0\n  <\/td><td>\n  &nbsp;\n  <\/td><\/tr><tr><td>\n  Po\u0161ta\n  <\/td><td>\n  Sira\u010d\n  <\/td><td>\n  &nbsp;\n  <\/td><\/tr><tr><td>\n  OIB\n  <\/td><td>\n  72047835147\n  <\/td><td>\n  &nbsp;\n  <\/td><\/tr><tr><td>\n  IBAN\n  <\/td><td>\n  &nbsp;\n  <\/td><td>\n  &nbsp;\n  <\/td><\/tr><tr><td>\n  Predsjednik\n  <\/td><td>\n  Matej Manjari\u0107\n  <\/td><td>   091\/332-4052<\/td><\/tr><tr><td>\n  Tajnik\n  <\/td><td>\n  &nbsp;\n  <\/td><td>\n  &nbsp;\n  <\/td><\/tr><tr><td>\n  Broj i naziv lovi\u0161ta\n  <\/td><td>\n  VII\/7 \u201cJAVORNIK\u201d\n  <\/td><td>\n  &nbsp;\n  <\/td><\/tr><tr><td>\n  Broj lovaca\n  <\/td><td>\n  14\n  <\/td><td>\n  &nbsp;\n  <\/td><\/tr><tr><td>\n  e-mail\n  <\/td><td>   \u00a0   matej.manjaric@interpromet.hr<\/td><td>\n  &nbsp;\n  <\/td><\/tr><\/tbody><\/table>\n","protected":false},"excerpt":{"rendered":"<p>Naziv lovozakupnika Inter-promet d.o.o. &nbsp; Naziv dru\u0161tva Lova\u010dka udruga \u201cJavornik\u201d Sira\u010d &nbsp; Adresa Stjepana Radi\u0107a 0 &nbsp; Po\u0161ta Sira\u010d &nbsp; OIB 72047835147 &nbsp; IBAN &nbsp; &nbsp; Predsjednik Matej Manjari\u0107 091\/332-4052 Tajnik &nbsp; &nbsp; Broj i naziv lovi\u0161ta VII\/7 \u201cJAVORNIK\u201d &nbsp; Broj lovaca 14 &nbsp; e-mail \u00a0 matej.manjaric@interpromet.hr &nbsp;<\/p>\n","protected":false},"author":1,"featured_media":0,"parent":0,"menu_order":0,"comment_status":"closed","ping_status":"closed","template":"","meta":{"footnotes":""},"_links":{"self":[{"href":"https:\/\/www.lsbbz.hr\/index.php?rest_route=\/wp\/v2\/pages\/225"}],"collection":[{"href":"https:\/\/www.lsbbz.hr\/index.php?rest_route=\/wp\/v2\/pages"}],"about":[{"href":"https:\/\/www.lsbbz.hr\/index.php?rest_route=\/wp\/v2\/types\/page"}],"author":[{"embeddable":true,"href":"https:\/\/www.lsbbz.hr\/index.php?rest_route=\/wp\/v2\/users\/1"}],"replies":[{"embeddable":true,"href":"https:\/\/www.lsbbz.hr\/index.php?rest_route=%2Fwp%2Fv2%2Fcomments&post=225"}],"version-history":[{"count":2,"href":"https:\/\/www.lsbbz.hr\/index.php?rest_route=\/wp\/v2\/pages\/225\/revisions"}],"predecessor-version":[{"id":357,"href":"https:\/\/www.lsbbz.hr\/index.php?rest_route=\/wp\/v2\/pages\/225\/revisions\/357"}],"wp:attachment":[{"href":"https:\/\/www.lsbbz.hr\/index.php?rest_route=%2Fwp%2Fv2%2Fmedia&parent=225"}],"curies":[{"name":"wp","href":"https:\/\/api.w.org\/{rel}","templated":true}]}}