{"id":229,"date":"2019-11-16T14:04:14","date_gmt":"2019-11-16T13:04:14","guid":{"rendered":"https:\/\/www.lsbbz.hr\/?page_id=229"},"modified":"2023-07-31T08:57:17","modified_gmt":"2023-07-31T07:57:17","slug":"lovacko-drustvo-bilogora-grubisno-polje","status":"publish","type":"page","link":"https:\/\/www.lsbbz.hr\/?page_id=229","title":{"rendered":"Lova\u010dko dru\u0161tvo Bilogora Grubi\u0161no Polje"},"content":{"rendered":"\n<table class=\"wp-block-table is-style-stripes\"><tbody><tr><td>\n  Naziv lovozakupnika\n  <\/td><td>   Lova\u010dko   dru\u0161tvo \u201cBilogora\u201d <br>   Grubi\u0161no Polje   <\/td><td>\n  &nbsp;\n  <\/td><\/tr><tr><td>\n  Adresa\n  <\/td><td>\n  Trg Bana J.Jela\u010di\u0107a 5\n  <\/td><td>\n  &nbsp;\n  <\/td><\/tr><tr><td>\n  Po\u0161ta\n  <\/td><td>\n  Grubi\u0161no Polje\n  <\/td><td>\n  &nbsp;\n  <\/td><\/tr><tr><td>\n  OIB\n  <\/td><td>\n  86149173906\n  <\/td><td>\n  &nbsp;\n  <\/td><\/tr><tr><td>\n  IBAN\n  <\/td><td>\n  HR3023860021100513812\n  <\/td><td>\n  &nbsp;\n  <\/td><\/tr><tr><td>\n  Predsjednik\n  <\/td><td>   Marko Smilj\u010di\u0107   <\/td><td>   &nbsp;091\/2720279  <\/td><\/tr><tr><td>\n  Tajnik\n  <\/td><td>   Ivan \u0160o\u0161   <\/td><td>   098\/174-4971   <\/td><\/tr><tr><td>\n  Broj i naziv lovi\u0161ta\n  <\/td><td>VII\/9 \u201cOBROVI\u201d   VII\/16 \u201cZDENA\u010cKI GAJ\u201d   <\/td><td>\n  &nbsp;\n  <\/td><\/tr><tr><td>\n  Broj lovaca\n  <\/td><td>\n  108\n  <\/td><td>\n  &nbsp;\n  <\/td><\/tr><tr><td>\n  e-mail\n  <\/td><td>   \u00a0  ldbilogora.gp@gmail.com<\/td><td>\n  &nbsp;\n  <\/td><\/tr><\/tbody><\/table>\n","protected":false},"excerpt":{"rendered":"<p>Naziv lovozakupnika Lova\u010dko dru\u0161tvo \u201cBilogora\u201d Grubi\u0161no Polje &nbsp; Adresa Trg Bana J.Jela\u010di\u0107a 5 &nbsp; Po\u0161ta Grubi\u0161no Polje &nbsp; OIB 86149173906 &nbsp; IBAN HR3023860021100513812 &nbsp; Predsjednik Marko Smilj\u010di\u0107 &nbsp;091\/2720279 Tajnik Ivan \u0160o\u0161 098\/174-4971 Broj i naziv lovi\u0161ta VII\/9 \u201cOBROVI\u201d VII\/16 \u201cZDENA\u010cKI GAJ\u201d &nbsp; Broj lovaca 108 &nbsp; e-mail \u00a0 ldbilogora.gp@gmail.com &nbsp;<\/p>\n","protected":false},"author":1,"featured_media":0,"parent":0,"menu_order":0,"comment_status":"closed","ping_status":"closed","template":"","meta":{"footnotes":""},"_links":{"self":[{"href":"https:\/\/www.lsbbz.hr\/index.php?rest_route=\/wp\/v2\/pages\/229"}],"collection":[{"href":"https:\/\/www.lsbbz.hr\/index.php?rest_route=\/wp\/v2\/pages"}],"about":[{"href":"https:\/\/www.lsbbz.hr\/index.php?rest_route=\/wp\/v2\/types\/page"}],"author":[{"embeddable":true,"href":"https:\/\/www.lsbbz.hr\/index.php?rest_route=\/wp\/v2\/users\/1"}],"replies":[{"embeddable":true,"href":"https:\/\/www.lsbbz.hr\/index.php?rest_route=%2Fwp%2Fv2%2Fcomments&post=229"}],"version-history":[{"count":5,"href":"https:\/\/www.lsbbz.hr\/index.php?rest_route=\/wp\/v2\/pages\/229\/revisions"}],"predecessor-version":[{"id":573,"href":"https:\/\/www.lsbbz.hr\/index.php?rest_route=\/wp\/v2\/pages\/229\/revisions\/573"}],"wp:attachment":[{"href":"https:\/\/www.lsbbz.hr\/index.php?rest_route=%2Fwp%2Fv2%2Fmedia&parent=229"}],"curies":[{"name":"wp","href":"https:\/\/api.w.org\/{rel}","templated":true}]}}