{"id":231,"date":"2019-11-16T14:05:23","date_gmt":"2019-11-16T13:05:23","guid":{"rendered":"https:\/\/www.lsbbz.hr\/?page_id=231"},"modified":"2023-04-21T07:46:55","modified_gmt":"2023-04-21T06:46:55","slug":"lovacko-drustvo-vepar-recica-kriska","status":"publish","type":"page","link":"https:\/\/www.lsbbz.hr\/?page_id=231","title":{"rendered":"Lova\u010dko dru\u0161tvo Vepar Re\u010dica Kri\u0161ka"},"content":{"rendered":"\n<table class=\"wp-block-table is-style-stripes\"><tbody><tr><td>Naziv lovozakupnika   <\/td><td>   Lova\u010dko dru\u0161tvo Vepar Re\u010dica Kri\u0161ka<\/td><\/tr><tr><td>\n  Adresa\n  <\/td><td>\n  Pavli\u010dani 52\n  <\/td><\/tr><tr><td>\n  Po\u0161ta\n  <\/td><td>\n  Pavli\u010dani\n  <\/td><\/tr><tr><td>\n  OIB\n  <\/td><td>\n  59942912070\n  <\/td><\/tr><tr><td>\n  IBAN\n  <\/td><td>\n  &nbsp;\n  <\/td><\/tr><tr><td>\n  Predsjednik\n  <\/td><td>   Zvonko Kova\u010di\u0107<br>     097\/6745494    <\/td><\/tr><tr><td>\n  Tajnik\n  <\/td><td>   Milivoj Srdojevi\u0107   <br>      098\/254 -401&nbsp; <\/td><\/tr><tr><td>Broj i naziv lovi\u0161ta   <\/td><td>\n  III\/33 \u201eVELIKI JANTAK\u201c\n  <\/td><\/tr><tr><td>\n  Broj lovaca\n  <\/td><td>   29   <\/td><\/tr><tr><td>\n  e-mail\n  <\/td><td>milivoj.srdojevic@gmail.com&nbsp;&nbsp;&nbsp;&nbsp;&nbsp;&nbsp;&nbsp;&nbsp;&nbsp;&nbsp;&nbsp;&nbsp;&nbsp;&nbsp;&nbsp;&nbsp;&nbsp;&nbsp;&nbsp;&nbsp;&nbsp;&nbsp;&nbsp;&nbsp;&nbsp;&nbsp;&nbsp;&nbsp;&nbsp;&nbsp;&nbsp;&nbsp;&nbsp;&nbsp;&nbsp;&nbsp;&nbsp;&nbsp;&nbsp;&nbsp;&nbsp;&nbsp;&nbsp;&nbsp;&nbsp;&nbsp;&nbsp;&nbsp;&nbsp;&nbsp;&nbsp;&nbsp;&nbsp;&nbsp;&nbsp;&nbsp;&nbsp;      <\/td><\/tr><\/tbody><\/table>\n","protected":false},"excerpt":{"rendered":"<p>Naziv lovozakupnika Lova\u010dko dru\u0161tvo Vepar Re\u010dica Kri\u0161ka Adresa Pavli\u010dani 52 Po\u0161ta Pavli\u010dani OIB 59942912070 IBAN &nbsp; Predsjednik Zvonko Kova\u010di\u0107 097\/6745494 Tajnik Milivoj Srdojevi\u0107 098\/254 -401&nbsp; Broj i naziv lovi\u0161ta III\/33 \u201eVELIKI JANTAK\u201c Broj lovaca 29 e-mail milivoj.srdojevic@gmail.com&nbsp;&nbsp;&nbsp;&nbsp;&nbsp;&nbsp;&nbsp;&nbsp;&nbsp;&nbsp;&nbsp;&nbsp;&nbsp;&nbsp;&nbsp;&nbsp;&nbsp;&nbsp;&nbsp;&nbsp;&nbsp;&nbsp;&nbsp;&nbsp;&nbsp;&nbsp;&nbsp;&nbsp;&nbsp;&nbsp;&nbsp;&nbsp;&nbsp;&nbsp;&nbsp;&nbsp;&nbsp;&nbsp;&nbsp;&nbsp;&nbsp;&nbsp;&nbsp;&nbsp;&nbsp;&nbsp;&nbsp;&nbsp;&nbsp;&nbsp;&nbsp;&nbsp;&nbsp;&nbsp;&nbsp;&nbsp;&nbsp;<\/p>\n","protected":false},"author":1,"featured_media":0,"parent":0,"menu_order":0,"comment_status":"closed","ping_status":"closed","template":"","meta":{"footnotes":""},"_links":{"self":[{"href":"https:\/\/www.lsbbz.hr\/index.php?rest_route=\/wp\/v2\/pages\/231"}],"collection":[{"href":"https:\/\/www.lsbbz.hr\/index.php?rest_route=\/wp\/v2\/pages"}],"about":[{"href":"https:\/\/www.lsbbz.hr\/index.php?rest_route=\/wp\/v2\/types\/page"}],"author":[{"embeddable":true,"href":"https:\/\/www.lsbbz.hr\/index.php?rest_route=\/wp\/v2\/users\/1"}],"replies":[{"embeddable":true,"href":"https:\/\/www.lsbbz.hr\/index.php?rest_route=%2Fwp%2Fv2%2Fcomments&post=231"}],"version-history":[{"count":6,"href":"https:\/\/www.lsbbz.hr\/index.php?rest_route=\/wp\/v2\/pages\/231\/revisions"}],"predecessor-version":[{"id":511,"href":"https:\/\/www.lsbbz.hr\/index.php?rest_route=\/wp\/v2\/pages\/231\/revisions\/511"}],"wp:attachment":[{"href":"https:\/\/www.lsbbz.hr\/index.php?rest_route=%2Fwp%2Fv2%2Fmedia&parent=231"}],"curies":[{"name":"wp","href":"https:\/\/api.w.org\/{rel}","templated":true}]}}