{"id":236,"date":"2019-11-16T14:10:26","date_gmt":"2019-11-16T13:10:26","guid":{"rendered":"https:\/\/www.lsbbz.hr\/?page_id=236"},"modified":"2023-04-21T07:59:35","modified_gmt":"2023-04-21T06:59:35","slug":"lovno-gospodarstvo-moslavina-plus-d-o-o","status":"publish","type":"page","link":"https:\/\/www.lsbbz.hr\/?page_id=236","title":{"rendered":"Lovno gospodarstvo Moslavina plus d.o.o."},"content":{"rendered":"\n<table class=\"wp-block-table is-style-stripes\"><tbody><tr><td>\n  Naziv lovozakupnika\n  <\/td><td>\n  <strong>L.G.\n  \u201eMoslavina plus\u201c<\/strong> d.o.o\n  <\/td><td>\n  &nbsp;\n  <\/td><\/tr><tr><td>\n  Adresa\n  <\/td><td>\n  Marijana \u010cavi\u0107a 1\n  <\/td><td>\n  &nbsp;\n  <\/td><\/tr><tr><td>\n  Po\u0161ta\n  <\/td><td>\n  10000 Zagreb&nbsp;&nbsp;&nbsp;&nbsp;&nbsp;&nbsp;&nbsp; \n  <\/td><td>\n  &nbsp;\n  <\/td><\/tr><tr><td>\n  OIB\n  <\/td><td>\n  77220645630\n  <\/td><td>\n  &nbsp;\n  <\/td><\/tr><tr><td>\n  IBAN\n  <\/td><td>\n  HR9623600001102711132\n  <\/td><td>\n  &nbsp;\n  <\/td><\/tr><tr><td>\n  Osoba za kontakt\n  <\/td><td>   Krunoslav Bezak  <\/td><td>098\/480-666   <\/td><\/tr><tr><td>\n  Tajnik\n  <\/td><td>\n  &nbsp;\n  <\/td><td>\n  &nbsp;\n  <\/td><\/tr><tr><td>\n  Broj i naziv lovi\u0161ta\n  <\/td><td>\n  VII\/15 \u201cGARJEVICA\u201d\n  <\/td><td>\n  &nbsp;\n  <\/td><\/tr><tr><td>\n  Broj lovaca\n  <\/td><td>   5   <\/td><td>\n  &nbsp;\n  <\/td><\/tr><tr><td>\n  e-mail\n  <\/td><td>   &nbsp;   kruno.bezak@lg-moslavina.hr<\/td><td>\n  &nbsp;\n  <\/td><\/tr><\/tbody><\/table>\n","protected":false},"excerpt":{"rendered":"<p>Naziv lovozakupnika L.G. \u201eMoslavina plus\u201c d.o.o &nbsp; Adresa Marijana \u010cavi\u0107a 1 &nbsp; Po\u0161ta 10000 Zagreb&nbsp;&nbsp;&nbsp;&nbsp;&nbsp;&nbsp;&nbsp; &nbsp; OIB 77220645630 &nbsp; IBAN HR9623600001102711132 &nbsp; Osoba za kontakt Krunoslav Bezak 098\/480-666 Tajnik &nbsp; &nbsp; Broj i naziv lovi\u0161ta VII\/15 \u201cGARJEVICA\u201d &nbsp; Broj lovaca 5 &nbsp; e-mail &nbsp; kruno.bezak@lg-moslavina.hr &nbsp;<\/p>\n","protected":false},"author":1,"featured_media":0,"parent":0,"menu_order":0,"comment_status":"closed","ping_status":"closed","template":"","meta":{"footnotes":""},"_links":{"self":[{"href":"https:\/\/www.lsbbz.hr\/index.php?rest_route=\/wp\/v2\/pages\/236"}],"collection":[{"href":"https:\/\/www.lsbbz.hr\/index.php?rest_route=\/wp\/v2\/pages"}],"about":[{"href":"https:\/\/www.lsbbz.hr\/index.php?rest_route=\/wp\/v2\/types\/page"}],"author":[{"embeddable":true,"href":"https:\/\/www.lsbbz.hr\/index.php?rest_route=\/wp\/v2\/users\/1"}],"replies":[{"embeddable":true,"href":"https:\/\/www.lsbbz.hr\/index.php?rest_route=%2Fwp%2Fv2%2Fcomments&post=236"}],"version-history":[{"count":4,"href":"https:\/\/www.lsbbz.hr\/index.php?rest_route=\/wp\/v2\/pages\/236\/revisions"}],"predecessor-version":[{"id":527,"href":"https:\/\/www.lsbbz.hr\/index.php?rest_route=\/wp\/v2\/pages\/236\/revisions\/527"}],"wp:attachment":[{"href":"https:\/\/www.lsbbz.hr\/index.php?rest_route=%2Fwp%2Fv2%2Fmedia&parent=236"}],"curies":[{"name":"wp","href":"https:\/\/api.w.org\/{rel}","templated":true}]}}