{"id":248,"date":"2019-11-16T14:16:47","date_gmt":"2019-11-16T13:16:47","guid":{"rendered":"https:\/\/www.lsbbz.hr\/?page_id=248"},"modified":"2024-07-24T11:26:21","modified_gmt":"2024-07-24T10:26:21","slug":"hrvatsko-lovacko-drustvo-jelen-dulovac","status":"publish","type":"page","link":"https:\/\/www.lsbbz.hr\/?page_id=248","title":{"rendered":"Hrvatsko lova\u010dko dru\u0161tvo Jelen \u0110ulovac"},"content":{"rendered":"\n<figure class=\"wp-block-table is-style-stripes\"><table class=\"has-base-color has-text-color has-link-color\"><tbody><tr><td>\n  Naziv dru\u0161tva\n  <\/td><td>Hrvatsko lova\u010dko dru\u0161tvo\u00a0\u201cJelen\u201d \u0110ulovac   <\/td><td>\n  &nbsp;\n  <\/td><\/tr><tr><td>\n  Adresa\n  <\/td><td>Nova Krivaja 23   <\/td><td>\n  &nbsp;\n  <\/td><\/tr><tr><td>\n  Po\u0161ta\n  <\/td><td>Nova Krivaja   <\/td><td>\n  &nbsp;\n  <\/td><\/tr><tr><td>\n  OIB\n  <\/td><td>58882977982   <\/td><td>\n  &nbsp;\n  <\/td><\/tr><tr><td>\n  IBAN\n  <\/td><td>HR2323400091100120756   <\/td><td>\n  &nbsp;\n  <\/td><\/tr><tr><td>\n  Predsjednik\n  <\/td><td>Vladimir Bijeli\u0107   <\/td><td>   099\/8777-937   <\/td><\/tr><tr><td>\n  Tajnik\n  <\/td><td>Ivo Bijeli\u0107   <\/td><td>   099\/2326-162   <\/td><\/tr><tr><td>\n  Broj i naziv lovi\u0161ta\n  <\/td><td>VII\/504 \u201d\u0110ULOVAC-KLISA\u201d   <\/td><td>\n  &nbsp;\n  <\/td><\/tr><tr><td>\n  Broj lovaca\n  <\/td><td>28   <\/td><td>\n  &nbsp;\n  <\/td><\/tr><tr><td>   E-mail<\/td><td>hldjelendulovac@gmail.com<\/td><td>\n  &nbsp;\n  <\/td><\/tr><\/tbody><\/table><\/figure>\n","protected":false},"excerpt":{"rendered":"<p>Naziv dru\u0161tva Hrvatsko lova\u010dko dru\u0161tvo\u00a0\u201cJelen\u201d \u0110ulovac &nbsp; Adresa Nova Krivaja 23 &nbsp; Po\u0161ta Nova Krivaja &nbsp; OIB 58882977982 &nbsp; IBAN HR2323400091100120756 &nbsp; Predsjednik Vladimir Bijeli\u0107 099\/8777-937 Tajnik Ivo Bijeli\u0107 099\/2326-162 Broj i naziv lovi\u0161ta VII\/504 \u201d\u0110ULOVAC-KLISA\u201d &nbsp; Broj lovaca 28 &nbsp; E-mail hldjelendulovac@gmail.com &nbsp;<\/p>\n","protected":false},"author":1,"featured_media":0,"parent":0,"menu_order":0,"comment_status":"closed","ping_status":"closed","template":"","meta":{"footnotes":""},"_links":{"self":[{"href":"https:\/\/www.lsbbz.hr\/index.php?rest_route=\/wp\/v2\/pages\/248"}],"collection":[{"href":"https:\/\/www.lsbbz.hr\/index.php?rest_route=\/wp\/v2\/pages"}],"about":[{"href":"https:\/\/www.lsbbz.hr\/index.php?rest_route=\/wp\/v2\/types\/page"}],"author":[{"embeddable":true,"href":"https:\/\/www.lsbbz.hr\/index.php?rest_route=\/wp\/v2\/users\/1"}],"replies":[{"embeddable":true,"href":"https:\/\/www.lsbbz.hr\/index.php?rest_route=%2Fwp%2Fv2%2Fcomments&post=248"}],"version-history":[{"count":5,"href":"https:\/\/www.lsbbz.hr\/index.php?rest_route=\/wp\/v2\/pages\/248\/revisions"}],"predecessor-version":[{"id":737,"href":"https:\/\/www.lsbbz.hr\/index.php?rest_route=\/wp\/v2\/pages\/248\/revisions\/737"}],"wp:attachment":[{"href":"https:\/\/www.lsbbz.hr\/index.php?rest_route=%2Fwp%2Fv2%2Fmedia&parent=248"}],"curies":[{"name":"wp","href":"https:\/\/api.w.org\/{rel}","templated":true}]}}