{"id":276,"date":"2019-11-17T10:21:47","date_gmt":"2019-11-17T09:21:47","guid":{"rendered":"https:\/\/www.lsbbz.hr\/?page_id=276"},"modified":"2023-04-21T07:33:54","modified_gmt":"2023-04-21T06:33:54","slug":"lovacka-udruga-za-uzgoj-zastitu-i-lov-divljaci-vidra-koncanica-brestovac","status":"publish","type":"page","link":"https:\/\/www.lsbbz.hr\/?page_id=276","title":{"rendered":"Lova\u010dka udruga za uzgoj, za\u0161titu i lov divlja\u010di Vidra Kon\u010danica Brestovac"},"content":{"rendered":"\n<table class=\"wp-block-table is-style-stripes\"><tbody><tr><td>\n  Naziv dru\u0161tva\n  <\/td><td>   <strong>Lova\u010dka   udruga&nbsp; za uzgoj, <\/strong><br><strong>   za\u0161titu i lov divlja\u010di \u201cVidra\u201d <\/strong><br><strong>   Kon\u010danica-Brestovac<\/strong>   <\/td><td>\n  &nbsp;\n  <\/td><\/tr><tr><td>\n  Adresa\n  <\/td><td>\n  Kon\u010danica 481\/1\n  <\/td><td>\n  &nbsp;\n  <\/td><\/tr><tr><td>\n  Po\u0161ta\n  <\/td><td>\n  Kon\u010danica\n  <\/td><td>\n  &nbsp;\n  <\/td><\/tr><tr><td>\n  OIB\n  <\/td><td>\n  52861801569\n  <\/td><td>\n  &nbsp;\n  <\/td><\/tr><tr><td>\n  IBAN\n  <\/td><td>\n  HR7023400091100019030\n  <\/td><td>\n  &nbsp;\n  <\/td><\/tr><tr><td>\n  Predsjednik\n  <\/td><td>\n  Halupa Oldrih\n  <\/td><td>\n  098\/782-218\n  <\/td><\/tr><tr><td>\n  Tajnik\n  <\/td><td>\n  Goran Haramba\u0161i\u0107\n  <\/td><td>\n  098\/9267-092\n  <\/td><\/tr><tr><td>\n  Broj i naziv lovi\u0161ta\n  <\/td><td>\n  VII\/507\n  \u201cKON\u010cANICA-TOPLICA\u201d\n  <\/td><td>\n  &nbsp;\n  <\/td><\/tr><tr><td>\n  Broj lovaca\n  <\/td><td>   27   <\/td><td>\n  &nbsp;\n  <\/td><\/tr><tr><td>\n  e-mail\n  <\/td><td>\n  goran.harambasic@gmail.com\n  <\/td><td>\n  &nbsp;\n  <\/td><\/tr><\/tbody><\/table>\n","protected":false},"excerpt":{"rendered":"<p>Naziv dru\u0161tva Lova\u010dka udruga&nbsp; za uzgoj, za\u0161titu i lov divlja\u010di \u201cVidra\u201d Kon\u010danica-Brestovac &nbsp; Adresa Kon\u010danica 481\/1 &nbsp; Po\u0161ta Kon\u010danica &nbsp; OIB 52861801569 &nbsp; IBAN HR7023400091100019030 &nbsp; Predsjednik Halupa Oldrih 098\/782-218 Tajnik Goran Haramba\u0161i\u0107 098\/9267-092 Broj i naziv lovi\u0161ta VII\/507 \u201cKON\u010cANICA-TOPLICA\u201d &nbsp; Broj lovaca 27 &nbsp; e-mail goran.harambasic@gmail.com &nbsp;<\/p>\n","protected":false},"author":1,"featured_media":0,"parent":0,"menu_order":0,"comment_status":"closed","ping_status":"closed","template":"","meta":{"footnotes":""},"_links":{"self":[{"href":"https:\/\/www.lsbbz.hr\/index.php?rest_route=\/wp\/v2\/pages\/276"}],"collection":[{"href":"https:\/\/www.lsbbz.hr\/index.php?rest_route=\/wp\/v2\/pages"}],"about":[{"href":"https:\/\/www.lsbbz.hr\/index.php?rest_route=\/wp\/v2\/types\/page"}],"author":[{"embeddable":true,"href":"https:\/\/www.lsbbz.hr\/index.php?rest_route=\/wp\/v2\/users\/1"}],"replies":[{"embeddable":true,"href":"https:\/\/www.lsbbz.hr\/index.php?rest_route=%2Fwp%2Fv2%2Fcomments&post=276"}],"version-history":[{"count":2,"href":"https:\/\/www.lsbbz.hr\/index.php?rest_route=\/wp\/v2\/pages\/276\/revisions"}],"predecessor-version":[{"id":497,"href":"https:\/\/www.lsbbz.hr\/index.php?rest_route=\/wp\/v2\/pages\/276\/revisions\/497"}],"wp:attachment":[{"href":"https:\/\/www.lsbbz.hr\/index.php?rest_route=%2Fwp%2Fv2%2Fmedia&parent=276"}],"curies":[{"name":"wp","href":"https:\/\/api.w.org\/{rel}","templated":true}]}}