{"id":281,"date":"2019-11-17T10:25:20","date_gmt":"2019-11-17T09:25:20","guid":{"rendered":"https:\/\/www.lsbbz.hr\/?page_id=281"},"modified":"2023-07-31T08:56:57","modified_gmt":"2023-07-31T07:56:57","slug":"lovacko-drustvo-bilogora-grubisno-polje-2","status":"publish","type":"page","link":"https:\/\/www.lsbbz.hr\/?page_id=281","title":{"rendered":"Lova\u010dko dru\u0161tvo Bilogora Grubi\u0161no Polje"},"content":{"rendered":"\n<table class=\"wp-block-table is-style-stripes\"><tbody><tr><td>\n  Naziv dru\u0161tva\n  <\/td><td>   Lova\u010dko   dru\u0161tvo \u201cBilogora\u201d <br>   Grubi\u0161no Polje   <\/td><td>\n  &nbsp;\n  <\/td><\/tr><tr><td>\n  Adresa\n  <\/td><td>\n  Trg Bana J.Jela\u010di\u0107a 5\n  <\/td><td>\n  &nbsp;\n  <\/td><\/tr><tr><td>\n  Po\u0161ta\n  <\/td><td>\n  Grubi\u0161no Polje\n  <\/td><td>\n  &nbsp;\n  <\/td><\/tr><tr><td>\n  OIB\n  <\/td><td>\n  86149173906\n  <\/td><td>\n  &nbsp;\n  <\/td><\/tr><tr><td>\n  IBAN\n  <\/td><td>\n  HR3023860021100513812\n  <\/td><td>\n  &nbsp;\n  <\/td><\/tr><tr><td>\n  Predsjednik\n  <\/td><td>Marko Smilj\u010di\u0107 <\/td><td>   &nbsp;   091\/2720279<\/td><\/tr><tr><td>\n  Tajnik\n  <\/td><td>Ivan \u0160o\u0161<\/td><td>   098\/174-4971  <\/td><\/tr><tr><td>   Broj i naziv <br>   lovi\u0161ta   <\/td><td>   VII\/402   \u201cPRESPINJA\u010cA-BARNA\u201d   <br>   VII\/403 \u201cIVANOVO   SELO-ILOVA\u201d   <br>   VII\/404 \u201cZDENCI-\u0160OVARNICA\u201d   <br>   VII\/405   \u201cDRA\u017dICA-KOSIJEROVICA\u201d   <\/td><td>\n  &nbsp;\n  <\/td><\/tr><tr><td>\n  Broj lovaca\n  <\/td><td>   168   <\/td><td>\n  &nbsp;\n  <\/td><\/tr><tr><td>\n  e-mail\n  <\/td><td>   \u00a0  ldbilogora.gp@gmail.com<\/td><td>\n  &nbsp;\n  <\/td><\/tr><\/tbody><\/table>\n","protected":false},"excerpt":{"rendered":"<p>Naziv dru\u0161tva Lova\u010dko dru\u0161tvo \u201cBilogora\u201d Grubi\u0161no Polje &nbsp; Adresa Trg Bana J.Jela\u010di\u0107a 5 &nbsp; Po\u0161ta Grubi\u0161no Polje &nbsp; OIB 86149173906 &nbsp; IBAN HR3023860021100513812 &nbsp; Predsjednik Marko Smilj\u010di\u0107 &nbsp; 091\/2720279 Tajnik Ivan \u0160o\u0161 098\/174-4971 Broj i naziv lovi\u0161ta VII\/402 \u201cPRESPINJA\u010cA-BARNA\u201d VII\/403 \u201cIVANOVO SELO-ILOVA\u201d VII\/404 \u201cZDENCI-\u0160OVARNICA\u201d VII\/405 \u201cDRA\u017dICA-KOSIJEROVICA\u201d &nbsp; Broj lovaca 168 &nbsp; e-mail \u00a0 ldbilogora.gp@gmail.com &nbsp;<\/p>\n","protected":false},"author":1,"featured_media":0,"parent":0,"menu_order":0,"comment_status":"closed","ping_status":"closed","template":"","meta":{"footnotes":""},"_links":{"self":[{"href":"https:\/\/www.lsbbz.hr\/index.php?rest_route=\/wp\/v2\/pages\/281"}],"collection":[{"href":"https:\/\/www.lsbbz.hr\/index.php?rest_route=\/wp\/v2\/pages"}],"about":[{"href":"https:\/\/www.lsbbz.hr\/index.php?rest_route=\/wp\/v2\/types\/page"}],"author":[{"embeddable":true,"href":"https:\/\/www.lsbbz.hr\/index.php?rest_route=\/wp\/v2\/users\/1"}],"replies":[{"embeddable":true,"href":"https:\/\/www.lsbbz.hr\/index.php?rest_route=%2Fwp%2Fv2%2Fcomments&post=281"}],"version-history":[{"count":6,"href":"https:\/\/www.lsbbz.hr\/index.php?rest_route=\/wp\/v2\/pages\/281\/revisions"}],"predecessor-version":[{"id":572,"href":"https:\/\/www.lsbbz.hr\/index.php?rest_route=\/wp\/v2\/pages\/281\/revisions\/572"}],"wp:attachment":[{"href":"https:\/\/www.lsbbz.hr\/index.php?rest_route=%2Fwp%2Fv2%2Fmedia&parent=281"}],"curies":[{"name":"wp","href":"https:\/\/api.w.org\/{rel}","templated":true}]}}