{"id":283,"date":"2019-11-17T10:26:10","date_gmt":"2019-11-17T09:26:10","guid":{"rendered":"https:\/\/www.lsbbz.hr\/?page_id=283"},"modified":"2023-04-21T07:48:38","modified_gmt":"2023-04-21T06:48:38","slug":"lovacko-drustvo-cuk-cerina","status":"publish","type":"page","link":"https:\/\/www.lsbbz.hr\/?page_id=283","title":{"rendered":"Lova\u010dko dru\u0161tvo \u201c\u0106uk\u201d Cerina"},"content":{"rendered":"\n<table class=\"wp-block-table is-style-stripes\"><tbody><tr><td>\n  Naziv dru\u0161tva\n  <\/td><td>\n  <strong>Lova\u010dko dru\u0161tvo \u201c\u0106uk\u201d Cerina<\/strong>\n  <\/td><td>\n  &nbsp;\n  <\/td><\/tr><tr><td>\n  Adresa\n  <\/td><td>\n  Donji Lipov\u010dani 2\n  <\/td><td>\n  &nbsp;\n  <\/td><\/tr><tr><td>\n  Po\u0161ta\n  <\/td><td>\n  Donji Lipov\u010dani\n  <\/td><td>\n  &nbsp;\n  <\/td><\/tr><tr><td>\n  OIB\n  <\/td><td>\n  74454864383\n  <\/td><td>\n  &nbsp;\n  <\/td><\/tr><tr><td>\n  IBAN\n  <\/td><td>\n  HR8624020061100094395\n  <\/td><td>\n  &nbsp;\n  <\/td><\/tr><tr><td>\n  Predsjednik\n  <\/td><td>\n  Stevo Mihaljevi\u0107\n  <\/td><td>\n  098\/9274937\n  <\/td><\/tr><tr><td>\n  Tajnik\n  <\/td><td>\n  Goran \u017divkovi\u0107\n  <\/td><td>\n  091\/168-4481\n  <\/td><\/tr><tr><td>\n  Broj i naziv lovi\u0161ta\n  <\/td><td>\n  VII\/203\n  \u201cCERIK-GLOGOVNICA<strong>\u201d <\/strong>\n  <\/td><td>\n  &nbsp;\n  <\/td><\/tr><tr><td>\n  Broj lovaca\n  <\/td><td>   42   <\/td><td>\n  &nbsp;\n  <\/td><\/tr><tr><td>\n  e-mail\n  <\/td><td>    stevomihaljevic1@gmail.com<\/td><td>\n  &nbsp;\n  <\/td><\/tr><\/tbody><\/table>\n\n\n\n<h2 class=\"wp-block-heading\"><\/h2>\n","protected":false},"excerpt":{"rendered":"<p>Naziv dru\u0161tva Lova\u010dko dru\u0161tvo \u201c\u0106uk\u201d Cerina &nbsp; Adresa Donji Lipov\u010dani 2 &nbsp; Po\u0161ta Donji Lipov\u010dani &nbsp; OIB 74454864383 &nbsp; IBAN HR8624020061100094395 &nbsp; Predsjednik Stevo Mihaljevi\u0107 098\/9274937 Tajnik Goran \u017divkovi\u0107 091\/168-4481 Broj i naziv lovi\u0161ta VII\/203 \u201cCERIK-GLOGOVNICA\u201d &nbsp; Broj lovaca 42 &nbsp; e-mail stevomihaljevic1@gmail.com &nbsp;<\/p>\n","protected":false},"author":1,"featured_media":0,"parent":0,"menu_order":0,"comment_status":"closed","ping_status":"closed","template":"","meta":{"footnotes":""},"_links":{"self":[{"href":"https:\/\/www.lsbbz.hr\/index.php?rest_route=\/wp\/v2\/pages\/283"}],"collection":[{"href":"https:\/\/www.lsbbz.hr\/index.php?rest_route=\/wp\/v2\/pages"}],"about":[{"href":"https:\/\/www.lsbbz.hr\/index.php?rest_route=\/wp\/v2\/types\/page"}],"author":[{"embeddable":true,"href":"https:\/\/www.lsbbz.hr\/index.php?rest_route=\/wp\/v2\/users\/1"}],"replies":[{"embeddable":true,"href":"https:\/\/www.lsbbz.hr\/index.php?rest_route=%2Fwp%2Fv2%2Fcomments&post=283"}],"version-history":[{"count":3,"href":"https:\/\/www.lsbbz.hr\/index.php?rest_route=\/wp\/v2\/pages\/283\/revisions"}],"predecessor-version":[{"id":514,"href":"https:\/\/www.lsbbz.hr\/index.php?rest_route=\/wp\/v2\/pages\/283\/revisions\/514"}],"wp:attachment":[{"href":"https:\/\/www.lsbbz.hr\/index.php?rest_route=%2Fwp%2Fv2%2Fmedia&parent=283"}],"curies":[{"name":"wp","href":"https:\/\/api.w.org\/{rel}","templated":true}]}}