{"id":285,"date":"2019-11-17T10:27:06","date_gmt":"2019-11-17T09:27:06","guid":{"rendered":"https:\/\/www.lsbbz.hr\/?page_id=285"},"modified":"2023-04-21T07:50:25","modified_gmt":"2023-04-21T06:50:25","slug":"lovacko-drustvo-fazan-bjelovar","status":"publish","type":"page","link":"https:\/\/www.lsbbz.hr\/?page_id=285","title":{"rendered":"Lova\u010dko dru\u0161tvo \u201cFazan\u201d Bjelovar"},"content":{"rendered":"\n<table class=\"wp-block-table is-style-stripes\"><tbody><tr><td>\n  Naziv dru\u0161tva\n  <\/td><td>   <strong>Lova\u010dko   dru\u0161tvo \u201cFazan\u201d <\/strong><br><strong>   Bjelovar<\/strong>   <\/td><td>\n  &nbsp;\n  <\/td><\/tr><tr><td>\n  Adresa\n  <\/td><td>\n  Trg kralja Tomislava 5\n  <\/td><td>\n  &nbsp;\n  <\/td><\/tr><tr><td>\n  Po\u0161ta\n  <\/td><td>\n  Bjelovar\n  <\/td><td>\n  &nbsp;\n  <\/td><\/tr><tr><td>\n  OIB\n  <\/td><td>\n  14528569951&nbsp;&nbsp;&nbsp; \n  <\/td><td>\n  &nbsp;\n  <\/td><\/tr><tr><td>\n  IBAN\n  <\/td><td>\n  HR8724850031100259246\n  <\/td><td>\n  &nbsp;\n  <\/td><\/tr><tr><td>\n  Predsjednik\n  <\/td><td>Ratomir Radakovi\u0107   <\/td><td>   091\/177 2330\u00a0\u00a0\u00a0    <\/td><\/tr><tr><td>\n  Tajnik\n  <\/td><td>   Zoran Pigac  <\/td><td>   099\/682-4534   <\/td><\/tr><tr><td>\n  Broj i naziv lovi\u0161ta\n  <\/td><td>\n  VII\/114 \u201cDABRAVINE\u201d\n  <\/td><td>\n  &nbsp;\n  <\/td><\/tr><tr><td>\n  Broj lovaca\n  <\/td><td>   26   <\/td><td>\n  &nbsp;\n  <\/td><\/tr><tr><td>\n  e-mail\n  <\/td><td> l.d.fazan@gmail.com<br><br><\/td><td>\n  &nbsp;\n  <\/td><\/tr><\/tbody><\/table>\n","protected":false},"excerpt":{"rendered":"<p>Naziv dru\u0161tva Lova\u010dko dru\u0161tvo \u201cFazan\u201d Bjelovar &nbsp; Adresa Trg kralja Tomislava 5 &nbsp; Po\u0161ta Bjelovar &nbsp; OIB 14528569951&nbsp;&nbsp;&nbsp; &nbsp; IBAN HR8724850031100259246 &nbsp; Predsjednik Ratomir Radakovi\u0107 091\/177 2330\u00a0\u00a0\u00a0 Tajnik Zoran Pigac 099\/682-4534 Broj i naziv lovi\u0161ta VII\/114 \u201cDABRAVINE\u201d &nbsp; Broj lovaca 26 &nbsp; e-mail l.d.fazan@gmail.com &nbsp;<\/p>\n","protected":false},"author":1,"featured_media":0,"parent":0,"menu_order":0,"comment_status":"closed","ping_status":"closed","template":"","meta":{"footnotes":""},"_links":{"self":[{"href":"https:\/\/www.lsbbz.hr\/index.php?rest_route=\/wp\/v2\/pages\/285"}],"collection":[{"href":"https:\/\/www.lsbbz.hr\/index.php?rest_route=\/wp\/v2\/pages"}],"about":[{"href":"https:\/\/www.lsbbz.hr\/index.php?rest_route=\/wp\/v2\/types\/page"}],"author":[{"embeddable":true,"href":"https:\/\/www.lsbbz.hr\/index.php?rest_route=\/wp\/v2\/users\/1"}],"replies":[{"embeddable":true,"href":"https:\/\/www.lsbbz.hr\/index.php?rest_route=%2Fwp%2Fv2%2Fcomments&post=285"}],"version-history":[{"count":4,"href":"https:\/\/www.lsbbz.hr\/index.php?rest_route=\/wp\/v2\/pages\/285\/revisions"}],"predecessor-version":[{"id":515,"href":"https:\/\/www.lsbbz.hr\/index.php?rest_route=\/wp\/v2\/pages\/285\/revisions\/515"}],"wp:attachment":[{"href":"https:\/\/www.lsbbz.hr\/index.php?rest_route=%2Fwp%2Fv2%2Fmedia&parent=285"}],"curies":[{"name":"wp","href":"https:\/\/api.w.org\/{rel}","templated":true}]}}