{"id":287,"date":"2019-11-17T10:27:45","date_gmt":"2019-11-17T09:27:45","guid":{"rendered":"https:\/\/www.lsbbz.hr\/?page_id=287"},"modified":"2023-04-21T07:50:44","modified_gmt":"2023-04-21T06:50:44","slug":"lovacko-drustvo-gaj-dautan","status":"publish","type":"page","link":"https:\/\/www.lsbbz.hr\/?page_id=287","title":{"rendered":"Lova\u010dko dru\u0161tvo \u201cGaj\u201d Dautan"},"content":{"rendered":"\n<table class=\"wp-block-table is-style-stripes\"><tbody><tr><td>\n  Naziv dru\u0161tva\n  <\/td><td>\n  <strong>Lova\u010dko\n  dru\u0161tvo \u201cGaj\u201d Dautan<\/strong>\n  <\/td><td>\n  &nbsp;\n  <\/td><\/tr><tr><td>\n  Adresa\n  <\/td><td>\n  Stara Ra\u010da 13\n  <\/td><td>\n  &nbsp;\n  <\/td><\/tr><tr><td>\n  Po\u0161ta\n  <\/td><td>\n  Stara Ra\u010da\n  <\/td><td>\n  &nbsp;\n  <\/td><\/tr><tr><td>\n  OIB\n  <\/td><td>\n  19882855500\n  <\/td><td>\n  &nbsp;\n  <\/td><\/tr><tr><td>\n  IBAN\n  <\/td><td>\n  HR0324020061100068729\n  <\/td><td>\n  &nbsp;\n  <\/td><\/tr><tr><td>\n  Predsjednik\n  <\/td><td>\n  Jakov Pavi\u010di\u0107\n  <\/td><td>\n  098\/211-231\n  <\/td><\/tr><tr><td>\n  Tajnik\n  <\/td><td>\n  Alen Mik\u0161ec\n  <\/td><td>\n  098\/647214\n  <\/td><\/tr><tr><td>\n  Broj i naziv lovi\u0161ta\n  <\/td><td>\n  VII\/115 \u201cGAJ\u201d\n  <\/td><td>\n  &nbsp;\n  <\/td><\/tr><tr><td>\n  Broj lovaca\n  <\/td><td>   29   <\/td><td>\n  &nbsp;\n  <\/td><\/tr><tr><td>\n  e-mail\n  <\/td><td>   &nbsp;   lovackodrustvo.gaj@gmail.com<\/td><td>\n  &nbsp;\n  <\/td><\/tr><\/tbody><\/table>\n","protected":false},"excerpt":{"rendered":"<p>Naziv dru\u0161tva Lova\u010dko dru\u0161tvo \u201cGaj\u201d Dautan &nbsp; Adresa Stara Ra\u010da 13 &nbsp; Po\u0161ta Stara Ra\u010da &nbsp; OIB 19882855500 &nbsp; IBAN HR0324020061100068729 &nbsp; Predsjednik Jakov Pavi\u010di\u0107 098\/211-231 Tajnik Alen Mik\u0161ec 098\/647214 Broj i naziv lovi\u0161ta VII\/115 \u201cGAJ\u201d &nbsp; Broj lovaca 29 &nbsp; e-mail &nbsp; lovackodrustvo.gaj@gmail.com &nbsp;<\/p>\n","protected":false},"author":1,"featured_media":0,"parent":0,"menu_order":0,"comment_status":"closed","ping_status":"closed","template":"","meta":{"footnotes":""},"_links":{"self":[{"href":"https:\/\/www.lsbbz.hr\/index.php?rest_route=\/wp\/v2\/pages\/287"}],"collection":[{"href":"https:\/\/www.lsbbz.hr\/index.php?rest_route=\/wp\/v2\/pages"}],"about":[{"href":"https:\/\/www.lsbbz.hr\/index.php?rest_route=\/wp\/v2\/types\/page"}],"author":[{"embeddable":true,"href":"https:\/\/www.lsbbz.hr\/index.php?rest_route=\/wp\/v2\/users\/1"}],"replies":[{"embeddable":true,"href":"https:\/\/www.lsbbz.hr\/index.php?rest_route=%2Fwp%2Fv2%2Fcomments&post=287"}],"version-history":[{"count":3,"href":"https:\/\/www.lsbbz.hr\/index.php?rest_route=\/wp\/v2\/pages\/287\/revisions"}],"predecessor-version":[{"id":516,"href":"https:\/\/www.lsbbz.hr\/index.php?rest_route=\/wp\/v2\/pages\/287\/revisions\/516"}],"wp:attachment":[{"href":"https:\/\/www.lsbbz.hr\/index.php?rest_route=%2Fwp%2Fv2%2Fmedia&parent=287"}],"curies":[{"name":"wp","href":"https:\/\/api.w.org\/{rel}","templated":true}]}}