{"id":293,"date":"2019-11-17T10:30:14","date_gmt":"2019-11-17T09:30:14","guid":{"rendered":"https:\/\/www.lsbbz.hr\/?page_id=293"},"modified":"2023-04-21T07:51:35","modified_gmt":"2023-04-21T06:51:35","slug":"lovacko-drustvo-jelen-rogoza","status":"publish","type":"page","link":"https:\/\/www.lsbbz.hr\/?page_id=293","title":{"rendered":"Lova\u010dko dru\u0161tvo \u201cJelen\u201d Rogo\u017ea"},"content":{"rendered":"\n<table class=\"wp-block-table is-style-stripes\"><tbody><tr><td>\n  Naziv dru\u0161tva\n  <\/td><td>   Lova\u010dko dru\u0161tvo \u201cJelen\u201d <br>   Rogo\u017ea   <\/td><td>\n  &nbsp;\n  <\/td><\/tr><tr><td>\n  Adresa\n  <\/td><td>\n  Rogo\u017ea 0\n  <\/td><td>\n  &nbsp;\n  <\/td><\/tr><tr><td>\n  Po\u0161ta\n  <\/td><td>\n  Rogo\u017ea\n  <\/td><td>\n  &nbsp;\n  <\/td><\/tr><tr><td>\n  OIB\n  <\/td><td>\n  30682503817\n  <\/td><td>\n  &nbsp;\n  <\/td><\/tr><tr><td>\n  IBAN\n  <\/td><td>\n  HR0624020061100093216\n  <\/td><td>\n  &nbsp;\n  <\/td><\/tr><tr><td>\n  Predsjednik\n  <\/td><td>   Tihomir Miroslavi\u0107   <\/td><td>   099\/638-2153   <\/td><\/tr><tr><td>\n  Tajnik\n  <\/td><td>   Milan Tomi\u0107  <\/td><td>   099\/6064-455   <\/td><\/tr><tr><td>\n  Broj i naziv lovi\u0161ta\n  <\/td><td>   VII\/301 \u201cBR\u0160LJANICA-<br>   ROGO\u017dA\u201d   <\/td><td>\n  &nbsp;\n  <\/td><\/tr><tr><td>\n  Broj lovaca\n  <\/td><td>   52   <\/td><td>\n  &nbsp;\n  <\/td><\/tr><tr><td>\n  e-mail\n  <\/td><td>\n  tihomirm18@gmail.com\n  <\/td><td>\n  &nbsp;\n  <\/td><\/tr><\/tbody><\/table>\n","protected":false},"excerpt":{"rendered":"<p>Naziv dru\u0161tva Lova\u010dko dru\u0161tvo \u201cJelen\u201d Rogo\u017ea &nbsp; Adresa Rogo\u017ea 0 &nbsp; Po\u0161ta Rogo\u017ea &nbsp; OIB 30682503817 &nbsp; IBAN HR0624020061100093216 &nbsp; Predsjednik Tihomir Miroslavi\u0107 099\/638-2153 Tajnik Milan Tomi\u0107 099\/6064-455 Broj i naziv lovi\u0161ta VII\/301 \u201cBR\u0160LJANICA- ROGO\u017dA\u201d &nbsp; Broj lovaca 52 &nbsp; e-mail tihomirm18@gmail.com &nbsp;<\/p>\n","protected":false},"author":1,"featured_media":0,"parent":0,"menu_order":0,"comment_status":"closed","ping_status":"closed","template":"","meta":{"footnotes":""},"_links":{"self":[{"href":"https:\/\/www.lsbbz.hr\/index.php?rest_route=\/wp\/v2\/pages\/293"}],"collection":[{"href":"https:\/\/www.lsbbz.hr\/index.php?rest_route=\/wp\/v2\/pages"}],"about":[{"href":"https:\/\/www.lsbbz.hr\/index.php?rest_route=\/wp\/v2\/types\/page"}],"author":[{"embeddable":true,"href":"https:\/\/www.lsbbz.hr\/index.php?rest_route=\/wp\/v2\/users\/1"}],"replies":[{"embeddable":true,"href":"https:\/\/www.lsbbz.hr\/index.php?rest_route=%2Fwp%2Fv2%2Fcomments&post=293"}],"version-history":[{"count":3,"href":"https:\/\/www.lsbbz.hr\/index.php?rest_route=\/wp\/v2\/pages\/293\/revisions"}],"predecessor-version":[{"id":518,"href":"https:\/\/www.lsbbz.hr\/index.php?rest_route=\/wp\/v2\/pages\/293\/revisions\/518"}],"wp:attachment":[{"href":"https:\/\/www.lsbbz.hr\/index.php?rest_route=%2Fwp%2Fv2%2Fmedia&parent=293"}],"curies":[{"name":"wp","href":"https:\/\/api.w.org\/{rel}","templated":true}]}}