{"id":296,"date":"2019-11-17T10:32:47","date_gmt":"2019-11-17T09:32:47","guid":{"rendered":"https:\/\/www.lsbbz.hr\/?page_id=296"},"modified":"2023-04-21T07:55:36","modified_gmt":"2023-04-21T06:55:36","slug":"lovacko-drustvo-jelen-veliki-grdevac","status":"publish","type":"page","link":"https:\/\/www.lsbbz.hr\/?page_id=296","title":{"rendered":"Lova\u010dko dru\u0161tvo \u201cJelen\u201d Veliki Gr\u0111evac"},"content":{"rendered":"\n<table class=\"wp-block-table is-style-stripes\"><tbody><tr><td>   Naziv dru\u0161tva           <\/td><td>   <strong>Lova\u010dko   dru\u0161tvo \u201cJelen\u201d <\/strong><br><strong>   Veliki Gr\u0111evac<\/strong>   <\/td><td>\n  &nbsp;\n  <\/td><\/tr><tr><td>\n  Adresa\n  <\/td><td>\n  Stjepana Radi\u010da 20\n  <\/td><td>\n  &nbsp;\n  <\/td><\/tr><tr><td>\n  Po\u0161ta\n  <\/td><td>\n  Veliki Gr\u0111evac\n  <\/td><td>\n  &nbsp;\n  <\/td><\/tr><tr><td>\n  OIB\n  <\/td><td>\n  75867060304\n  <\/td><td>\n  &nbsp;\n  <\/td><\/tr><tr><td>\n  IBAN\n  <\/td><td>\n  HR9523860021100514194\n  <\/td><td>\n  &nbsp;\n  <\/td><\/tr><tr><td>\n  Predsjednik\n  <\/td><td>\n  \u010colik Ivan\n  <\/td><td> 091\/571-4316&nbsp;   <\/td><\/tr><tr><td>\n  Tajnik\n  <\/td><td>   Mogu\u0161 Doroteja   <\/td><td>099\/690-6601          <\/td><\/tr><tr><td>   Broj i naziv <br>   lovi\u0161ta   <\/td><td>\n  VII\/401 \u201cGR\u0110EVICA-KOVA\u010cICA\u201d\n  <\/td><td>\n  &nbsp;\n  <\/td><\/tr><tr><td>\n  Broj lovaca\n  <\/td><td>   63   <\/td><td>\n  &nbsp;\n  <\/td><\/tr><tr><td>\n  e-mail\n  <\/td><td>doroteja.mogus@gmail.com<strong> \u00a0\u00a0\u00a0\u00a0\u00a0\u00a0\u00a0\u00a0\u00a0\u00a0\u00a0\u00a0\u00a0\u00a0\u00a0\u00a0\u00a0\u00a0\u00a0\u00a0\u00a0\u00a0\u00a0 <\/strong>   <\/td><td>\n  &nbsp;\n  <\/td><\/tr><\/tbody><\/table>\n","protected":false},"excerpt":{"rendered":"<p>Naziv dru\u0161tva Lova\u010dko dru\u0161tvo \u201cJelen\u201d Veliki Gr\u0111evac &nbsp; Adresa Stjepana Radi\u010da 20 &nbsp; Po\u0161ta Veliki Gr\u0111evac &nbsp; OIB 75867060304 &nbsp; IBAN HR9523860021100514194 &nbsp; Predsjednik \u010colik Ivan 091\/571-4316&nbsp; Tajnik Mogu\u0161 Doroteja 099\/690-6601 Broj i naziv lovi\u0161ta VII\/401 \u201cGR\u0110EVICA-KOVA\u010cICA\u201d &nbsp; Broj lovaca 63 &nbsp; e-mail doroteja.mogus@gmail.com \u00a0\u00a0\u00a0\u00a0\u00a0\u00a0\u00a0\u00a0\u00a0\u00a0\u00a0\u00a0\u00a0\u00a0\u00a0\u00a0\u00a0\u00a0\u00a0\u00a0\u00a0\u00a0\u00a0 &nbsp;<\/p>\n","protected":false},"author":1,"featured_media":0,"parent":0,"menu_order":0,"comment_status":"closed","ping_status":"closed","template":"","meta":{"footnotes":""},"_links":{"self":[{"href":"https:\/\/www.lsbbz.hr\/index.php?rest_route=\/wp\/v2\/pages\/296"}],"collection":[{"href":"https:\/\/www.lsbbz.hr\/index.php?rest_route=\/wp\/v2\/pages"}],"about":[{"href":"https:\/\/www.lsbbz.hr\/index.php?rest_route=\/wp\/v2\/types\/page"}],"author":[{"embeddable":true,"href":"https:\/\/www.lsbbz.hr\/index.php?rest_route=\/wp\/v2\/users\/1"}],"replies":[{"embeddable":true,"href":"https:\/\/www.lsbbz.hr\/index.php?rest_route=%2Fwp%2Fv2%2Fcomments&post=296"}],"version-history":[{"count":6,"href":"https:\/\/www.lsbbz.hr\/index.php?rest_route=\/wp\/v2\/pages\/296\/revisions"}],"predecessor-version":[{"id":521,"href":"https:\/\/www.lsbbz.hr\/index.php?rest_route=\/wp\/v2\/pages\/296\/revisions\/521"}],"wp:attachment":[{"href":"https:\/\/www.lsbbz.hr\/index.php?rest_route=%2Fwp%2Fv2%2Fmedia&parent=296"}],"curies":[{"name":"wp","href":"https:\/\/api.w.org\/{rel}","templated":true}]}}