{"id":298,"date":"2019-11-17T10:34:00","date_gmt":"2019-11-17T09:34:00","guid":{"rendered":"https:\/\/www.lsbbz.hr\/?page_id=298"},"modified":"2023-04-21T07:35:35","modified_gmt":"2023-04-21T06:35:35","slug":"lovacko-drustvo-jelen-zrinski-topolovac","status":"publish","type":"page","link":"https:\/\/www.lsbbz.hr\/?page_id=298","title":{"rendered":"Lova\u010dko dru\u0161tvo Jelen Zrinski Topolovac"},"content":{"rendered":"\n<table class=\"wp-block-table is-style-stripes\"><tbody><tr><td>\n  Naziv dru\u0161tva\n  <\/td><td>   Lova\u010dko   dru\u0161tvo&nbsp; \u201cJelen\u201d <br>   Zrinski Topolovac   <\/td><td>\n  &nbsp;\n  <\/td><\/tr><tr><td>\n  Adresa\n  <\/td><td>   Jakopovac 88   <\/td><td>\n  &nbsp;\n  <\/td><\/tr><tr><td>\n  Po\u0161ta\n  <\/td><td>\n  Zrinski Topolovac\n  <\/td><td>\n  &nbsp;\n  <\/td><\/tr><tr><td>\n  OIB\n  <\/td><td>\n  79685361611\n  <\/td><td>\n  &nbsp;\n  <\/td><\/tr><tr><td>\n  IBAN\n  <\/td><td>\n  HR6024020061100068091\n  <\/td><td>\n  &nbsp;\n  <\/td><\/tr><tr><td>\n  Predsjednik\n  <\/td><td>   \u017deljko Suda\u0161  <\/td><td>   098\/900-3070   <\/td><\/tr><tr><td>\n  Tajnik\n  <\/td><td>   Mario Kravaica   <\/td><td>   098\/454-851   <\/td><\/tr><tr><td>\n  Broj i naziv lovi\u0161ta\n  <\/td><td>   VII\/103 \u201cZRINSKI TOPOLOVAC-  <br>   CIGANICA\u201d   <\/td><td>\n  &nbsp;\n  <\/td><\/tr><tr><td>\n  Broj lovaca\n  <\/td><td>   45   <\/td><td>\n  &nbsp;\n  <\/td><\/tr><tr><td>\n  e-mail\n  <\/td><td>sudaszeljko@gmail.com<br>mario.kravaica@bj.ht.hr<\/td><td>\n  &nbsp;\n  <\/td><\/tr><\/tbody><\/table>\n","protected":false},"excerpt":{"rendered":"<p>Naziv dru\u0161tva Lova\u010dko dru\u0161tvo&nbsp; \u201cJelen\u201d Zrinski Topolovac &nbsp; Adresa Jakopovac 88 &nbsp; Po\u0161ta Zrinski Topolovac &nbsp; OIB 79685361611 &nbsp; IBAN HR6024020061100068091 &nbsp; Predsjednik \u017deljko Suda\u0161 098\/900-3070 Tajnik Mario Kravaica 098\/454-851 Broj i naziv lovi\u0161ta VII\/103 \u201cZRINSKI TOPOLOVAC- CIGANICA\u201d &nbsp; Broj lovaca 45 &nbsp; e-mail sudaszeljko@gmail.commario.kravaica@bj.ht.hr &nbsp;<\/p>\n","protected":false},"author":1,"featured_media":0,"parent":0,"menu_order":0,"comment_status":"closed","ping_status":"closed","template":"","meta":{"footnotes":""},"_links":{"self":[{"href":"https:\/\/www.lsbbz.hr\/index.php?rest_route=\/wp\/v2\/pages\/298"}],"collection":[{"href":"https:\/\/www.lsbbz.hr\/index.php?rest_route=\/wp\/v2\/pages"}],"about":[{"href":"https:\/\/www.lsbbz.hr\/index.php?rest_route=\/wp\/v2\/types\/page"}],"author":[{"embeddable":true,"href":"https:\/\/www.lsbbz.hr\/index.php?rest_route=\/wp\/v2\/users\/1"}],"replies":[{"embeddable":true,"href":"https:\/\/www.lsbbz.hr\/index.php?rest_route=%2Fwp%2Fv2%2Fcomments&post=298"}],"version-history":[{"count":5,"href":"https:\/\/www.lsbbz.hr\/index.php?rest_route=\/wp\/v2\/pages\/298\/revisions"}],"predecessor-version":[{"id":501,"href":"https:\/\/www.lsbbz.hr\/index.php?rest_route=\/wp\/v2\/pages\/298\/revisions\/501"}],"wp:attachment":[{"href":"https:\/\/www.lsbbz.hr\/index.php?rest_route=%2Fwp%2Fv2%2Fmedia&parent=298"}],"curies":[{"name":"wp","href":"https:\/\/api.w.org\/{rel}","templated":true}]}}