{"id":308,"date":"2019-11-17T10:39:06","date_gmt":"2019-11-17T09:39:06","guid":{"rendered":"https:\/\/www.lsbbz.hr\/?page_id=308"},"modified":"2023-04-21T07:42:53","modified_gmt":"2023-04-21T06:42:53","slug":"lovacko-drustvo-srndac-gornji-daruvar","status":"publish","type":"page","link":"https:\/\/www.lsbbz.hr\/?page_id=308","title":{"rendered":"Lova\u010dko dru\u0161tvo Srnda\u0107 Gornji Daruvar"},"content":{"rendered":"\n<table class=\"wp-block-table is-style-stripes\"><tbody><tr><td>\n  Naziv dru\u0161tva\n  <\/td><td>   Lova\u010dko   dru\u0161tvo \u201cSrnda\u0107\u201d <br>   Gornji Daruvar   <\/td><td>\n  &nbsp;\n  <\/td><\/tr><tr><td>\n  Adresa\n  <\/td><td>\n  Podborska 75\n  <\/td><td>\n  &nbsp;\n  <\/td><\/tr><tr><td>\n  Po\u0161ta\n  <\/td><td>\n  Gornji Daruvar\n  <\/td><td>\n  &nbsp;\n  <\/td><\/tr><tr><td>\n  OIB\n  <\/td><td>\n  10325000341\n  <\/td><td>\n  &nbsp;\n  <\/td><\/tr><tr><td>\n  IBAN\n  <\/td><td>\n  HR4723400091100019056\n  <\/td><td>\n  &nbsp;\n  <\/td><\/tr><tr><td>\n  Predsjednik\n  <\/td><td>\n  Slavko Nehvatal\n  <\/td><td>\n  098\/960-3665\n  <\/td><\/tr><tr><td>\n  Tajnik\n  <\/td><td>  <\/td><td>    <\/td><\/tr><tr><td>\n  Broj i naziv lovi\u0161ta\n  <\/td><td>   VII\/506   \u201cDARUVAR-<br>   DABROVICA\u201d   <\/td><td>\n  &nbsp;\n  <\/td><\/tr><tr><td>\n  Broj lovaca\n  <\/td><td>   29   <\/td><td>\n  &nbsp;\n  <\/td><\/tr><tr><td>\n  e-mail\n  <\/td><td>   slavkonehvatal@gmail.com   <br>   <\/td><td>\n  &nbsp;\n  <\/td><\/tr><\/tbody><\/table>\n","protected":false},"excerpt":{"rendered":"<p>Naziv dru\u0161tva Lova\u010dko dru\u0161tvo \u201cSrnda\u0107\u201d Gornji Daruvar &nbsp; Adresa Podborska 75 &nbsp; Po\u0161ta Gornji Daruvar &nbsp; OIB 10325000341 &nbsp; IBAN HR4723400091100019056 &nbsp; Predsjednik Slavko Nehvatal 098\/960-3665 Tajnik Broj i naziv lovi\u0161ta VII\/506 \u201cDARUVAR- DABROVICA\u201d &nbsp; Broj lovaca 29 &nbsp; e-mail slavkonehvatal@gmail.com &nbsp;<\/p>\n","protected":false},"author":1,"featured_media":0,"parent":0,"menu_order":0,"comment_status":"closed","ping_status":"closed","template":"","meta":{"footnotes":""},"_links":{"self":[{"href":"https:\/\/www.lsbbz.hr\/index.php?rest_route=\/wp\/v2\/pages\/308"}],"collection":[{"href":"https:\/\/www.lsbbz.hr\/index.php?rest_route=\/wp\/v2\/pages"}],"about":[{"href":"https:\/\/www.lsbbz.hr\/index.php?rest_route=\/wp\/v2\/types\/page"}],"author":[{"embeddable":true,"href":"https:\/\/www.lsbbz.hr\/index.php?rest_route=\/wp\/v2\/users\/1"}],"replies":[{"embeddable":true,"href":"https:\/\/www.lsbbz.hr\/index.php?rest_route=%2Fwp%2Fv2%2Fcomments&post=308"}],"version-history":[{"count":3,"href":"https:\/\/www.lsbbz.hr\/index.php?rest_route=\/wp\/v2\/pages\/308\/revisions"}],"predecessor-version":[{"id":506,"href":"https:\/\/www.lsbbz.hr\/index.php?rest_route=\/wp\/v2\/pages\/308\/revisions\/506"}],"wp:attachment":[{"href":"https:\/\/www.lsbbz.hr\/index.php?rest_route=%2Fwp%2Fv2%2Fmedia&parent=308"}],"curies":[{"name":"wp","href":"https:\/\/api.w.org\/{rel}","templated":true}]}}