{"id":310,"date":"2019-11-17T10:40:23","date_gmt":"2019-11-17T09:40:23","guid":{"rendered":"https:\/\/www.lsbbz.hr\/?page_id=310"},"modified":"2023-04-21T07:43:56","modified_gmt":"2023-04-21T06:43:56","slug":"lovacko-drustvo-srnjak-garesnica","status":"publish","type":"page","link":"https:\/\/www.lsbbz.hr\/?page_id=310","title":{"rendered":"Lova\u010dko dru\u0161tvo Srnjak Gare\u0161nica"},"content":{"rendered":"\n<table class=\"wp-block-table is-style-stripes\"><tbody><tr><td>\n  Naziv dru\u0161tva\n  <\/td><td>   Lova\u010dko   dru\u0161tvo \u201cSrnjak\u201d <br>   Gare\u0161nica   <\/td><td>\n  &nbsp;\n  <\/td><\/tr><tr><td>\n  Adresa\n  <\/td><td>\n  Trg Hrvatskih branitelja\n  10\n  <\/td><td>\n  &nbsp;\n  <\/td><\/tr><tr><td>\n  Po\u0161ta\n  <\/td><td>\n  43280 GARE\u0160NICA\n  <\/td><td>\n  &nbsp;\n  <\/td><\/tr><tr><td>\n  OIB\n  <\/td><td>\n  15782536975\n  <\/td><td>\n  &nbsp;\n  <\/td><\/tr><tr><td>\n  IBAN\n  <\/td><td>\n  HR1824020061100069623\n  <\/td><td>\n  &nbsp;\n  <\/td><\/tr><tr><td>\n  Predsjednik\n  <\/td><td>\n  \u017deljko Pavlek\n  <\/td><td>\n  099\/7959-994\n  <\/td><\/tr><tr><td>\n  Tajnik\n  <\/td><td>   Dominik Marini\u0107 <\/td><td>   098\/964-5454   <\/td><\/tr><tr><td>\n  Broj i naziv lovi\u0161ta\n  <\/td><td>   VII\/302 \u201cZOBIKOVAC-ILOVSKI   <br>   LUG\u201d   <\/td><td>\n  &nbsp;\n  <\/td><\/tr><tr><td>\n  Broj lovaca\n  <\/td><td>   60   <\/td><td>\n  &nbsp;\n  <\/td><\/tr><tr><td>\n  e-mail\n  <\/td><td>\n  ld.srnjak.garesnica@gmail.com\n  <\/td><td>\n  &nbsp;\n  <\/td><\/tr><\/tbody><\/table>\n","protected":false},"excerpt":{"rendered":"<p>Naziv dru\u0161tva Lova\u010dko dru\u0161tvo \u201cSrnjak\u201d Gare\u0161nica &nbsp; Adresa Trg Hrvatskih branitelja 10 &nbsp; Po\u0161ta 43280 GARE\u0160NICA &nbsp; OIB 15782536975 &nbsp; IBAN HR1824020061100069623 &nbsp; Predsjednik \u017deljko Pavlek 099\/7959-994 Tajnik Dominik Marini\u0107 098\/964-5454 Broj i naziv lovi\u0161ta VII\/302 \u201cZOBIKOVAC-ILOVSKI LUG\u201d &nbsp; Broj lovaca 60 &nbsp; e-mail ld.srnjak.garesnica@gmail.com &nbsp;<\/p>\n","protected":false},"author":1,"featured_media":0,"parent":0,"menu_order":0,"comment_status":"closed","ping_status":"closed","template":"","meta":{"footnotes":""},"_links":{"self":[{"href":"https:\/\/www.lsbbz.hr\/index.php?rest_route=\/wp\/v2\/pages\/310"}],"collection":[{"href":"https:\/\/www.lsbbz.hr\/index.php?rest_route=\/wp\/v2\/pages"}],"about":[{"href":"https:\/\/www.lsbbz.hr\/index.php?rest_route=\/wp\/v2\/types\/page"}],"author":[{"embeddable":true,"href":"https:\/\/www.lsbbz.hr\/index.php?rest_route=\/wp\/v2\/users\/1"}],"replies":[{"embeddable":true,"href":"https:\/\/www.lsbbz.hr\/index.php?rest_route=%2Fwp%2Fv2%2Fcomments&post=310"}],"version-history":[{"count":3,"href":"https:\/\/www.lsbbz.hr\/index.php?rest_route=\/wp\/v2\/pages\/310\/revisions"}],"predecessor-version":[{"id":508,"href":"https:\/\/www.lsbbz.hr\/index.php?rest_route=\/wp\/v2\/pages\/310\/revisions\/508"}],"wp:attachment":[{"href":"https:\/\/www.lsbbz.hr\/index.php?rest_route=%2Fwp%2Fv2%2Fmedia&parent=310"}],"curies":[{"name":"wp","href":"https:\/\/api.w.org\/{rel}","templated":true}]}}