{"id":312,"date":"2019-11-17T10:41:09","date_gmt":"2019-11-17T09:41:09","guid":{"rendered":"https:\/\/www.lsbbz.hr\/?page_id=312"},"modified":"2023-04-21T07:46:20","modified_gmt":"2023-04-21T06:46:20","slug":"lovacko-drustvo-srnjak-ivanska","status":"publish","type":"page","link":"https:\/\/www.lsbbz.hr\/?page_id=312","title":{"rendered":"Lova\u010dko dru\u0161tvo Srnjak Ivanska"},"content":{"rendered":"\n<table class=\"wp-block-table is-style-stripes\"><tbody><tr><td>\n  Naziv dru\u0161tva\n  <\/td><td>   Lova\u010dko   dru\u0161tvo \u201cSrnjak\u201d <br>   Ivanska   <\/td><td>\n  &nbsp;\n  <\/td><\/tr><tr><td>\n  Adresa\n  <\/td><td>\n  P Preradovi\u0107a 0\n  <\/td><td>\n  &nbsp;\n  <\/td><\/tr><tr><td>\n  Po\u0161ta\n  <\/td><td>\n  Ivanska\n  <\/td><td>\n  &nbsp;\n  <\/td><\/tr><tr><td>\n  OIB\n  <\/td><td>\n  22789380297\n  <\/td><td>\n  &nbsp;\n  <\/td><\/tr><tr><td>\n  IBAN\n  <\/td><td>\n  HR8224020061100489451\n  <\/td><td>\n  &nbsp;\n  <\/td><\/tr><tr><td>\n  Predsjednik\n  <\/td><td>   Pauli\u0107 Darko   <\/td><td>   098\/453-767   <\/td><\/tr><tr><td>\n  Tajnik\n  <\/td><td>\n  \u0160uflaj Josip\n  <\/td><td>\n  098\/337911\n  <\/td><\/tr><tr><td>\n  Broj i naziv lovi\u0161ta\n  <\/td><td>\n  VII\/206 \u201cMARTINSKA\u201d \n  <\/td><td>\n  &nbsp;\n  <\/td><\/tr><tr><td>\n  Broj lovaca\n  <\/td><td>   79   <\/td><td>\n  &nbsp;\n  <\/td><\/tr><tr><td>\n  e-mail\n  <\/td><td>    elmes.es@gmail.com<\/td><td>\n  &nbsp;\n  <\/td><\/tr><\/tbody><\/table>\n","protected":false},"excerpt":{"rendered":"<p>Naziv dru\u0161tva Lova\u010dko dru\u0161tvo \u201cSrnjak\u201d Ivanska &nbsp; Adresa P Preradovi\u0107a 0 &nbsp; Po\u0161ta Ivanska &nbsp; OIB 22789380297 &nbsp; IBAN HR8224020061100489451 &nbsp; Predsjednik Pauli\u0107 Darko 098\/453-767 Tajnik \u0160uflaj Josip 098\/337911 Broj i naziv lovi\u0161ta VII\/206 \u201cMARTINSKA\u201d &nbsp; Broj lovaca 79 &nbsp; e-mail elmes.es@gmail.com &nbsp;<\/p>\n","protected":false},"author":1,"featured_media":0,"parent":0,"menu_order":0,"comment_status":"closed","ping_status":"closed","template":"","meta":{"footnotes":""},"_links":{"self":[{"href":"https:\/\/www.lsbbz.hr\/index.php?rest_route=\/wp\/v2\/pages\/312"}],"collection":[{"href":"https:\/\/www.lsbbz.hr\/index.php?rest_route=\/wp\/v2\/pages"}],"about":[{"href":"https:\/\/www.lsbbz.hr\/index.php?rest_route=\/wp\/v2\/types\/page"}],"author":[{"embeddable":true,"href":"https:\/\/www.lsbbz.hr\/index.php?rest_route=\/wp\/v2\/users\/1"}],"replies":[{"embeddable":true,"href":"https:\/\/www.lsbbz.hr\/index.php?rest_route=%2Fwp%2Fv2%2Fcomments&post=312"}],"version-history":[{"count":3,"href":"https:\/\/www.lsbbz.hr\/index.php?rest_route=\/wp\/v2\/pages\/312\/revisions"}],"predecessor-version":[{"id":510,"href":"https:\/\/www.lsbbz.hr\/index.php?rest_route=\/wp\/v2\/pages\/312\/revisions\/510"}],"wp:attachment":[{"href":"https:\/\/www.lsbbz.hr\/index.php?rest_route=%2Fwp%2Fv2%2Fmedia&parent=312"}],"curies":[{"name":"wp","href":"https:\/\/api.w.org\/{rel}","templated":true}]}}