{"id":314,"date":"2019-11-17T10:43:08","date_gmt":"2019-11-17T09:43:08","guid":{"rendered":"https:\/\/www.lsbbz.hr\/?page_id=314"},"modified":"2023-04-21T07:42:01","modified_gmt":"2023-04-21T06:42:01","slug":"lovacko-drustvo-sljuka-uljanik","status":"publish","type":"page","link":"https:\/\/www.lsbbz.hr\/?page_id=314","title":{"rendered":"Lova\u010dko dru\u0161tvo \u0160ljuka Uljanik"},"content":{"rendered":"\n<table class=\"wp-block-table is-style-stripes\"><tbody><tr><td>\n  Naziv dru\u0161tva\n  <\/td><td>   Lova\u010dko dru\u0161tvo \u201c\u0160ljuka\u201d    <\/td><td>\n  &nbsp;\n  <\/td><\/tr><tr><td>\n  Adresa\n  <\/td><td>\n  Uljanik 72\n  <\/td><td>\n  &nbsp;\n  <\/td><\/tr><tr><td>\n  Po\u0161ta\n  <\/td><td>\n  Uljanik\n  <\/td><td>\n  &nbsp;\n  <\/td><\/tr><tr><td>\n  OIB\n  <\/td><td>\n  80626385807\n  <\/td><td>\n  &nbsp;\n  <\/td><\/tr><tr><td>\n  IBAN\n  <\/td><td>\n  HR6623400091100019005\n  <\/td><td>\n  &nbsp;\n  <\/td><\/tr><tr><td>\n  Predsjednik\n  <\/td><td>   Viktor Turbeki   <\/td><td>099\/310-8829   <\/td><\/tr><tr><td>\n  Tajnik\n  <\/td><td>    Nikola Premu\u017ei\u0107<\/td><td>099\/563-9503<\/td><\/tr><tr><td>\n  Broj i naziv lovi\u0161ta\n  <\/td><td>   VII\/509 \u201cULJANIK-\u010cAVLOVICA\u201d   <br>   VII\/510 \u201cPOLJODAR-SOVJAK\u201d   <\/td><td>\n  &nbsp;\n  <\/td><\/tr><tr><td>\n  Broj lovaca\n  <\/td><td>   46   <\/td><td>\n  &nbsp;\n  <\/td><\/tr><tr><td>\n  e-mail\n  <\/td><td>viktor.turbeki@hep.hr, <br>nikolaprmuzic0509@gmail.com,<br> zlatkolatkovic8@gmail.com     <\/td><td>\n  &nbsp;\n  <\/td><\/tr><\/tbody><\/table>\n\n\n\n<p><\/p>\n","protected":false},"excerpt":{"rendered":"<p>Naziv dru\u0161tva Lova\u010dko dru\u0161tvo \u201c\u0160ljuka\u201d &nbsp; Adresa Uljanik 72 &nbsp; Po\u0161ta Uljanik &nbsp; OIB 80626385807 &nbsp; IBAN HR6623400091100019005 &nbsp; Predsjednik Viktor Turbeki 099\/310-8829 Tajnik Nikola Premu\u017ei\u0107 099\/563-9503 Broj i naziv lovi\u0161ta VII\/509 \u201cULJANIK-\u010cAVLOVICA\u201d VII\/510 \u201cPOLJODAR-SOVJAK\u201d &nbsp; Broj lovaca 46 &nbsp; e-mail viktor.turbeki@hep.hr, nikolaprmuzic0509@gmail.com, zlatkolatkovic8@gmail.com &nbsp;<\/p>\n","protected":false},"author":1,"featured_media":0,"parent":0,"menu_order":0,"comment_status":"closed","ping_status":"closed","template":"","meta":{"footnotes":""},"_links":{"self":[{"href":"https:\/\/www.lsbbz.hr\/index.php?rest_route=\/wp\/v2\/pages\/314"}],"collection":[{"href":"https:\/\/www.lsbbz.hr\/index.php?rest_route=\/wp\/v2\/pages"}],"about":[{"href":"https:\/\/www.lsbbz.hr\/index.php?rest_route=\/wp\/v2\/types\/page"}],"author":[{"embeddable":true,"href":"https:\/\/www.lsbbz.hr\/index.php?rest_route=\/wp\/v2\/users\/1"}],"replies":[{"embeddable":true,"href":"https:\/\/www.lsbbz.hr\/index.php?rest_route=%2Fwp%2Fv2%2Fcomments&post=314"}],"version-history":[{"count":4,"href":"https:\/\/www.lsbbz.hr\/index.php?rest_route=\/wp\/v2\/pages\/314\/revisions"}],"predecessor-version":[{"id":504,"href":"https:\/\/www.lsbbz.hr\/index.php?rest_route=\/wp\/v2\/pages\/314\/revisions\/504"}],"wp:attachment":[{"href":"https:\/\/www.lsbbz.hr\/index.php?rest_route=%2Fwp%2Fv2%2Fmedia&parent=314"}],"curies":[{"name":"wp","href":"https:\/\/api.w.org\/{rel}","templated":true}]}}