{"id":316,"date":"2019-11-17T10:44:11","date_gmt":"2019-11-17T09:44:11","guid":{"rendered":"https:\/\/www.lsbbz.hr\/?page_id=316"},"modified":"2023-04-21T07:35:57","modified_gmt":"2023-04-21T06:35:57","slug":"lovacko-drustvo-sljuka-bjelovar","status":"publish","type":"page","link":"https:\/\/www.lsbbz.hr\/?page_id=316","title":{"rendered":"Lova\u010dko dru\u0161tvo \u0160ljuka Bjelovar"},"content":{"rendered":"\n<table class=\"wp-block-table is-style-stripes\"><tbody><tr><td>\n  Naziv dru\u0161tva\n  <\/td><td>   Lova\u010dko   dru\u0161tvo \u201c\u0160ljuka\u201d <br>   Bjelovar   <\/td><td>\n  &nbsp;\n  <\/td><\/tr><tr><td>\n  Adresa\n  <\/td><td>\n  Odvojak Stjepana Radi\u0107a 23\n  <\/td><td>\n  &nbsp;\n  <\/td><\/tr><tr><td>\n  Po\u0161ta\n  <\/td><td>\n  Predavac\n  <\/td><td>\n  &nbsp;\n  <\/td><\/tr><tr><td>\n  OIB\n  <\/td><td>\n  21212988865\n  <\/td><td>\n  &nbsp;\n  <\/td><\/tr><tr><td>\n  IBAN\n  <\/td><td>\n  HR3424020061100068171&nbsp;&nbsp; \n  <\/td><td>\n  &nbsp;\n  <\/td><\/tr><tr><td>\n  Predsjednik\n  <\/td><td>\n  Zvone Cvitkovi\u0107\n  <\/td><td>\n  098\/205-020\n  <\/td><\/tr><tr><td>\n  Tajnik\n  <\/td><td>\n  Goran \u010cip\u010di\u0107\n  <\/td><td>\n  095\/393-2943\n  <\/td><\/tr><tr><td>\n  Broj i naziv lovi\u0161ta\n  <\/td><td>\n  VII\/106 \u201cBJELOVAR-BEDENIK\u201d\n  <\/td><td>\n  &nbsp;\n  <\/td><\/tr><tr><td>\n  Broj lovaca\n  <\/td><td>   36   <\/td><td>\n  &nbsp;\n  <\/td><\/tr><tr><td>\n  e-mail\n  <\/td><td>cipcic@bj.t-com.hr<br>zvone@bj.t-com.hr<\/td><td>\n  &nbsp;\n  <\/td><\/tr><\/tbody><\/table>\n","protected":false},"excerpt":{"rendered":"<p>Naziv dru\u0161tva Lova\u010dko dru\u0161tvo \u201c\u0160ljuka\u201d Bjelovar &nbsp; Adresa Odvojak Stjepana Radi\u0107a 23 &nbsp; Po\u0161ta Predavac &nbsp; OIB 21212988865 &nbsp; IBAN HR3424020061100068171&nbsp;&nbsp; &nbsp; Predsjednik Zvone Cvitkovi\u0107 098\/205-020 Tajnik Goran \u010cip\u010di\u0107 095\/393-2943 Broj i naziv lovi\u0161ta VII\/106 \u201cBJELOVAR-BEDENIK\u201d &nbsp; Broj lovaca 36 &nbsp; e-mail cipcic@bj.t-com.hrzvone@bj.t-com.hr &nbsp;<\/p>\n","protected":false},"author":1,"featured_media":0,"parent":0,"menu_order":0,"comment_status":"closed","ping_status":"closed","template":"","meta":{"footnotes":""},"_links":{"self":[{"href":"https:\/\/www.lsbbz.hr\/index.php?rest_route=\/wp\/v2\/pages\/316"}],"collection":[{"href":"https:\/\/www.lsbbz.hr\/index.php?rest_route=\/wp\/v2\/pages"}],"about":[{"href":"https:\/\/www.lsbbz.hr\/index.php?rest_route=\/wp\/v2\/types\/page"}],"author":[{"embeddable":true,"href":"https:\/\/www.lsbbz.hr\/index.php?rest_route=\/wp\/v2\/users\/1"}],"replies":[{"embeddable":true,"href":"https:\/\/www.lsbbz.hr\/index.php?rest_route=%2Fwp%2Fv2%2Fcomments&post=316"}],"version-history":[{"count":3,"href":"https:\/\/www.lsbbz.hr\/index.php?rest_route=\/wp\/v2\/pages\/316\/revisions"}],"predecessor-version":[{"id":502,"href":"https:\/\/www.lsbbz.hr\/index.php?rest_route=\/wp\/v2\/pages\/316\/revisions\/502"}],"wp:attachment":[{"href":"https:\/\/www.lsbbz.hr\/index.php?rest_route=%2Fwp%2Fv2%2Fmedia&parent=316"}],"curies":[{"name":"wp","href":"https:\/\/api.w.org\/{rel}","templated":true}]}}