{"id":318,"date":"2019-11-17T10:44:57","date_gmt":"2019-11-17T09:44:57","guid":{"rendered":"https:\/\/www.lsbbz.hr\/?page_id=318"},"modified":"2022-04-20T12:22:40","modified_gmt":"2022-04-20T11:22:40","slug":"lovacko-drustvo-vepar-trnoviticki-popovac","status":"publish","type":"page","link":"https:\/\/www.lsbbz.hr\/?page_id=318","title":{"rendered":"Lova\u010dko dru\u0161tvo Vepar Trnoviti\u010dki Popovac"},"content":{"rendered":"\n<table class=\"wp-block-table is-style-stripes\"><tbody><tr><td>\n  Naziv dru\u0161tva\n  <\/td><td>   Lova\u010dko dru\u0161tvo \u201cVepar\u201d <br>   Trnoviti\u010dki Popovac   <\/td><td>\n  &nbsp;\n  <\/td><\/tr><tr><td>\n  Adresa\n  <\/td><td>\n  Gornja Trnovitica 25\n  <\/td><td>\n  &nbsp;\n  <\/td><\/tr><tr><td>\n  Po\u0161ta\n  <\/td><td>\n  Gornja Trnovitica\n  <\/td><td>\n  &nbsp;\n  <\/td><\/tr><tr><td>\n  OIB\n  <\/td><td>\n  61048357348\n  <\/td><td>\n  &nbsp;\n  <\/td><\/tr><tr><td>\n  IBAN\n  <\/td><td>\n  HR2224020061100069842\n  <\/td><td>\n  &nbsp;\n  <\/td><\/tr><tr><td>\n  Predsjednik\n  <\/td><td>   Branko Pucarin   <\/td><td>   098\/864-633   <\/td><\/tr><tr><td>\n  Tajnik\n  <\/td><td>      <\/td><td>      <\/td><\/tr><tr><td>\n  Broj i naziv lovi\u0161ta\n  <\/td><td>\n  VII\/303 \u201cMLINSKA\u201d\n  <\/td><td>\n  &nbsp;\n  <\/td><\/tr><tr><td>\n  Broj lovaca\n  <\/td><td>\n  43\n  <\/td><td>\n  &nbsp;\n  <\/td><\/tr><tr><td>\n  e-mail\n  <\/td><td>\n  branko.pucarin@gmail.com\n  <\/td><td>\n  &nbsp;\n  <\/td><\/tr><\/tbody><\/table>\n","protected":false},"excerpt":{"rendered":"<p>Naziv dru\u0161tva Lova\u010dko dru\u0161tvo \u201cVepar\u201d Trnoviti\u010dki Popovac &nbsp; Adresa Gornja Trnovitica 25 &nbsp; Po\u0161ta Gornja Trnovitica &nbsp; OIB 61048357348 &nbsp; IBAN HR2224020061100069842 &nbsp; Predsjednik Branko Pucarin 098\/864-633 Tajnik Broj i naziv lovi\u0161ta VII\/303 \u201cMLINSKA\u201d &nbsp; Broj lovaca 43 &nbsp; e-mail branko.pucarin@gmail.com &nbsp;<\/p>\n","protected":false},"author":1,"featured_media":0,"parent":0,"menu_order":0,"comment_status":"closed","ping_status":"closed","template":"","meta":{"footnotes":""},"_links":{"self":[{"href":"https:\/\/www.lsbbz.hr\/index.php?rest_route=\/wp\/v2\/pages\/318"}],"collection":[{"href":"https:\/\/www.lsbbz.hr\/index.php?rest_route=\/wp\/v2\/pages"}],"about":[{"href":"https:\/\/www.lsbbz.hr\/index.php?rest_route=\/wp\/v2\/types\/page"}],"author":[{"embeddable":true,"href":"https:\/\/www.lsbbz.hr\/index.php?rest_route=\/wp\/v2\/users\/1"}],"replies":[{"embeddable":true,"href":"https:\/\/www.lsbbz.hr\/index.php?rest_route=%2Fwp%2Fv2%2Fcomments&post=318"}],"version-history":[{"count":2,"href":"https:\/\/www.lsbbz.hr\/index.php?rest_route=\/wp\/v2\/pages\/318\/revisions"}],"predecessor-version":[{"id":457,"href":"https:\/\/www.lsbbz.hr\/index.php?rest_route=\/wp\/v2\/pages\/318\/revisions\/457"}],"wp:attachment":[{"href":"https:\/\/www.lsbbz.hr\/index.php?rest_route=%2Fwp%2Fv2%2Fmedia&parent=318"}],"curies":[{"name":"wp","href":"https:\/\/api.w.org\/{rel}","templated":true}]}}