{"id":322,"date":"2019-11-17T10:49:05","date_gmt":"2019-11-17T09:49:05","guid":{"rendered":"https:\/\/www.lsbbz.hr\/?page_id=322"},"modified":"2023-04-21T07:47:55","modified_gmt":"2023-04-21T06:47:55","slug":"lovacko-drustvo-za-uzgoj-zastitu-i-lov-divljaci-srna-dezanovac","status":"publish","type":"page","link":"https:\/\/www.lsbbz.hr\/?page_id=322","title":{"rendered":"Lova\u010dko dru\u0161tvo za uzgoj, za\u0161titu i lov divlja\u010di Srna De\u017eanovac"},"content":{"rendered":"\n<table class=\"wp-block-table is-style-stripes\"><tbody><tr><td>\n  Naziv dru\u0161tva\n  <\/td><td>   Lova\u010dka   dru\u0161tvo za uzgoj, <br>   za\u0161titu i lov divlja\u010di<br>   \u201cSrna\u201d De\u017eanovac   <\/td><td>\n  &nbsp;\n  <\/td><\/tr><tr><td>\n  Adresa\n  <\/td><td>\n  Ka\u0161tel\n  <\/td><td>\n  &nbsp;\n  <\/td><\/tr><tr><td>\n  Po\u0161ta\n  <\/td><td>\n  De\u017eanovac\n  <\/td><td>\n  &nbsp;\n  <\/td><\/tr><tr><td>\n  OIB\n  <\/td><td>\n  61382954216\n  <\/td><td>\n  &nbsp;\n  <\/td><\/tr><tr><td>\n  IBAN\n  <\/td><td>\n  HR2223400091100019021\n  <\/td><td>\n  &nbsp;\n  <\/td><\/tr><tr><td>\n  Predsjednik\n  <\/td><td>  Dole\u017eal Ervin<\/td><td>091\/536-1755 <\/td><\/tr><tr><td>\n  Tajnik\n  <\/td><td>\n  \u017deljko Vlahek\n  <\/td><td>099\/2154-030   <\/td><\/tr><tr><td>\n  Broj i naziv lovi\u0161ta\n  <\/td><td>   VII\/508 \u201cDE\u017dANOVAC-MALO <br>   BILO\u201d   <\/td><td>\n  &nbsp;\n  <\/td><\/tr><tr><td>\n  Broj lovaca\n  <\/td><td>   38   <\/td><td>\n  &nbsp;\n  <\/td><\/tr><tr><td>\n  e-mail\n  <\/td><td>   ervindolezal@gmail.com<\/td><td>\n  &nbsp;\n  <\/td><\/tr><\/tbody><\/table>\n","protected":false},"excerpt":{"rendered":"<p>Naziv dru\u0161tva Lova\u010dka dru\u0161tvo za uzgoj, za\u0161titu i lov divlja\u010di \u201cSrna\u201d De\u017eanovac &nbsp; Adresa Ka\u0161tel &nbsp; Po\u0161ta De\u017eanovac &nbsp; OIB 61382954216 &nbsp; IBAN HR2223400091100019021 &nbsp; Predsjednik Dole\u017eal Ervin 091\/536-1755 Tajnik \u017deljko Vlahek 099\/2154-030 Broj i naziv lovi\u0161ta VII\/508 \u201cDE\u017dANOVAC-MALO BILO\u201d &nbsp; Broj lovaca 38 &nbsp; e-mail ervindolezal@gmail.com &nbsp;<\/p>\n","protected":false},"author":1,"featured_media":0,"parent":0,"menu_order":0,"comment_status":"closed","ping_status":"closed","template":"","meta":{"footnotes":""},"_links":{"self":[{"href":"https:\/\/www.lsbbz.hr\/index.php?rest_route=\/wp\/v2\/pages\/322"}],"collection":[{"href":"https:\/\/www.lsbbz.hr\/index.php?rest_route=\/wp\/v2\/pages"}],"about":[{"href":"https:\/\/www.lsbbz.hr\/index.php?rest_route=\/wp\/v2\/types\/page"}],"author":[{"embeddable":true,"href":"https:\/\/www.lsbbz.hr\/index.php?rest_route=\/wp\/v2\/users\/1"}],"replies":[{"embeddable":true,"href":"https:\/\/www.lsbbz.hr\/index.php?rest_route=%2Fwp%2Fv2%2Fcomments&post=322"}],"version-history":[{"count":4,"href":"https:\/\/www.lsbbz.hr\/index.php?rest_route=\/wp\/v2\/pages\/322\/revisions"}],"predecessor-version":[{"id":512,"href":"https:\/\/www.lsbbz.hr\/index.php?rest_route=\/wp\/v2\/pages\/322\/revisions\/512"}],"wp:attachment":[{"href":"https:\/\/www.lsbbz.hr\/index.php?rest_route=%2Fwp%2Fv2%2Fmedia&parent=322"}],"curies":[{"name":"wp","href":"https:\/\/api.w.org\/{rel}","templated":true}]}}