{"id":326,"date":"2019-11-17T10:52:01","date_gmt":"2019-11-17T09:52:01","guid":{"rendered":"https:\/\/www.lsbbz.hr\/?page_id=326"},"modified":"2024-07-24T11:21:05","modified_gmt":"2024-07-24T10:21:05","slug":"lovacko-udruzenje-fazan-gudovac","status":"publish","type":"page","link":"https:\/\/www.lsbbz.hr\/?page_id=326","title":{"rendered":"Lova\u010dko udru\u017eenje Fazan Gudovac"},"content":{"rendered":"\n<figure class=\"wp-block-table is-style-stripes\"><table class=\"has-base-color has-text-color has-link-color\"><tbody><tr><td>\n  Naziv dru\u0161tva\n  <\/td><td>   Lova\u010dko udru\u017eenje \u201cFazan\u201d <br>   Gudovac   <\/td><td>\n  &nbsp;\n  <\/td><\/tr><tr><td>\n  Adresa\n  <\/td><td>   Prgomelje 399   <\/td><td>\n  &nbsp;\n  <\/td><\/tr><tr><td>\n  Po\u0161ta\n  <\/td><td>\n  Bjelovar\n  <\/td><td>\n  &nbsp;\n  <\/td><\/tr><tr><td>\n  OIB\n  <\/td><td>\n  25017498062\n  <\/td><td>\n  &nbsp;\n  <\/td><\/tr><tr><td>\n  IBAN\n  <\/td><td>\n  HR1124020061100068294\n  <\/td><td>\n  &nbsp;\n  <\/td><\/tr><tr><td>\n  Predsjednik\n  <\/td><td>\n  Sini\u0161a \u010cui\u0107\n  <\/td><td>\n  098\/454-840\n  <\/td><\/tr><tr><td>\n  Tajnik\n  <\/td><td>\n  Zvonimir Prese\u010dan Arvay\n  <\/td><td>\n  098\/428-010\n  <\/td><\/tr><tr><td>\n  Broj i naziv lovi\u0161ta\n  <\/td><td>\n  VII\/109\n  \u201cBJELOVAR-JASIK\u201d\n  <\/td><td>\n  &nbsp;\n  <\/td><\/tr><tr><td>\n  Broj lovaca\n  <\/td><td>   35   <\/td><td>\n  &nbsp;\n  <\/td><\/tr><tr><td>   E-mail   <\/td><td>   arvay@arvay.hr<\/td><td>\n  &nbsp;\n  <\/td><\/tr><\/tbody><\/table><\/figure>\n","protected":false},"excerpt":{"rendered":"<p>Naziv dru\u0161tva Lova\u010dko udru\u017eenje \u201cFazan\u201d Gudovac &nbsp; Adresa Prgomelje 399 &nbsp; Po\u0161ta Bjelovar &nbsp; OIB 25017498062 &nbsp; IBAN HR1124020061100068294 &nbsp; Predsjednik Sini\u0161a \u010cui\u0107 098\/454-840 Tajnik Zvonimir Prese\u010dan Arvay 098\/428-010 Broj i naziv lovi\u0161ta VII\/109 \u201cBJELOVAR-JASIK\u201d &nbsp; Broj lovaca 35 &nbsp; E-mail arvay@arvay.hr &nbsp;<\/p>\n","protected":false},"author":1,"featured_media":0,"parent":0,"menu_order":0,"comment_status":"closed","ping_status":"closed","template":"","meta":{"footnotes":""},"_links":{"self":[{"href":"https:\/\/www.lsbbz.hr\/index.php?rest_route=\/wp\/v2\/pages\/326"}],"collection":[{"href":"https:\/\/www.lsbbz.hr\/index.php?rest_route=\/wp\/v2\/pages"}],"about":[{"href":"https:\/\/www.lsbbz.hr\/index.php?rest_route=\/wp\/v2\/types\/page"}],"author":[{"embeddable":true,"href":"https:\/\/www.lsbbz.hr\/index.php?rest_route=\/wp\/v2\/users\/1"}],"replies":[{"embeddable":true,"href":"https:\/\/www.lsbbz.hr\/index.php?rest_route=%2Fwp%2Fv2%2Fcomments&post=326"}],"version-history":[{"count":4,"href":"https:\/\/www.lsbbz.hr\/index.php?rest_route=\/wp\/v2\/pages\/326\/revisions"}],"predecessor-version":[{"id":734,"href":"https:\/\/www.lsbbz.hr\/index.php?rest_route=\/wp\/v2\/pages\/326\/revisions\/734"}],"wp:attachment":[{"href":"https:\/\/www.lsbbz.hr\/index.php?rest_route=%2Fwp%2Fv2%2Fmedia&parent=326"}],"curies":[{"name":"wp","href":"https:\/\/api.w.org\/{rel}","templated":true}]}}