{"id":328,"date":"2019-11-17T10:52:56","date_gmt":"2019-11-17T09:52:56","guid":{"rendered":"https:\/\/www.lsbbz.hr\/?page_id=328"},"modified":"2023-04-21T07:58:01","modified_gmt":"2023-04-21T06:58:01","slug":"lovacko-udruzenje-kuna-kraljevac","status":"publish","type":"page","link":"https:\/\/www.lsbbz.hr\/?page_id=328","title":{"rendered":"Lova\u010dko udru\u017eenje Kuna Kraljevac"},"content":{"rendered":"\n<table class=\"wp-block-table is-style-stripes\"><tbody><tr><td>\n  Naziv dru\u0161tva\n  <\/td><td>   Lova\u010dko   udru\u017eenje \u201cKuna\u201d <br>   Kraljevac   <\/td><td>\n  &nbsp;\n  <\/td><\/tr><tr><td>\n  Adresa\n  <\/td><td>   Kraljevac 122a   <\/td><td>\n  &nbsp;\n  <\/td><\/tr><tr><td>\n  Po\u0161ta\n  <\/td><td>\n  Kraljevac\n  <\/td><td>\n  &nbsp;\n  <\/td><\/tr><tr><td>\n  OIB\n  <\/td><td>\n  10754769005\n  <\/td><td>\n  &nbsp;\n  <\/td><\/tr><tr><td>\n  IBAN\n  <\/td><td>\n  HR7824020061100069125\n  <\/td><td>\n  &nbsp;\n  <\/td><\/tr><tr><td>\n  Predsjednik\n  <\/td><td>\n  Zlatko Komljenovi\u0107\n  <\/td><td>\n  098\/810-964\n  <\/td><\/tr><tr><td>\n  Tajnik\n  <\/td><td>   \u0160krlec Davor   <\/td><td>   095\/911-0434   <\/td><\/tr><tr><td>\n  Broj i naziv lovi\u0161ta\n  <\/td><td>\n  VII\/101 \u201cROVI\u0160\u0106E-VELIKA\u201d\n  <\/td><td>\n  &nbsp;\n  <\/td><\/tr><tr><td>\n  Broj lovaca\n  <\/td><td>   31   <\/td><td>\n  &nbsp;\n  <\/td><\/tr><tr><td>\n  e-mail\n  <\/td><td>  zlatko.komljen@gmail.com,<br>skrlecdavor@gmail.com \u00a0   <\/td><td>\n  &nbsp;\n  <\/td><\/tr><\/tbody><\/table>\n","protected":false},"excerpt":{"rendered":"<p>Naziv dru\u0161tva Lova\u010dko udru\u017eenje \u201cKuna\u201d Kraljevac &nbsp; Adresa Kraljevac 122a &nbsp; Po\u0161ta Kraljevac &nbsp; OIB 10754769005 &nbsp; IBAN HR7824020061100069125 &nbsp; Predsjednik Zlatko Komljenovi\u0107 098\/810-964 Tajnik \u0160krlec Davor 095\/911-0434 Broj i naziv lovi\u0161ta VII\/101 \u201cROVI\u0160\u0106E-VELIKA\u201d &nbsp; Broj lovaca 31 &nbsp; e-mail zlatko.komljen@gmail.com,skrlecdavor@gmail.com \u00a0 &nbsp;<\/p>\n","protected":false},"author":1,"featured_media":0,"parent":0,"menu_order":0,"comment_status":"closed","ping_status":"closed","template":"","meta":{"footnotes":""},"_links":{"self":[{"href":"https:\/\/www.lsbbz.hr\/index.php?rest_route=\/wp\/v2\/pages\/328"}],"collection":[{"href":"https:\/\/www.lsbbz.hr\/index.php?rest_route=\/wp\/v2\/pages"}],"about":[{"href":"https:\/\/www.lsbbz.hr\/index.php?rest_route=\/wp\/v2\/types\/page"}],"author":[{"embeddable":true,"href":"https:\/\/www.lsbbz.hr\/index.php?rest_route=\/wp\/v2\/users\/1"}],"replies":[{"embeddable":true,"href":"https:\/\/www.lsbbz.hr\/index.php?rest_route=%2Fwp%2Fv2%2Fcomments&post=328"}],"version-history":[{"count":4,"href":"https:\/\/www.lsbbz.hr\/index.php?rest_route=\/wp\/v2\/pages\/328\/revisions"}],"predecessor-version":[{"id":525,"href":"https:\/\/www.lsbbz.hr\/index.php?rest_route=\/wp\/v2\/pages\/328\/revisions\/525"}],"wp:attachment":[{"href":"https:\/\/www.lsbbz.hr\/index.php?rest_route=%2Fwp%2Fv2%2Fmedia&parent=328"}],"curies":[{"name":"wp","href":"https:\/\/api.w.org\/{rel}","templated":true}]}}