{"id":330,"date":"2019-11-17T10:54:14","date_gmt":"2019-11-17T09:54:14","guid":{"rendered":"https:\/\/www.lsbbz.hr\/?page_id=330"},"modified":"2024-07-24T11:28:08","modified_gmt":"2024-07-24T10:28:08","slug":"lovacko-udruzenje-vepar-puricani","status":"publish","type":"page","link":"https:\/\/www.lsbbz.hr\/?page_id=330","title":{"rendered":"Lova\u010dko udru\u017eenje Vepar Puri\u010dani"},"content":{"rendered":"\n<figure class=\"wp-block-table is-style-stripes\"><table class=\"has-base-color has-text-color has-link-color\"><tbody><tr><td>\n  Naziv dru\u0161tva\n  <\/td><td>Lova\u010dko udru\u017eenje &#8220;Vepar&#8221; Puri\u010dani  <\/td><td>\n  &nbsp;\n  <\/td><\/tr><tr><td>\n  Adresa\n  <\/td><td>Grginac 75, 43226 Veliko Trojstvo<\/td><td>\n  &nbsp;\n  <\/td><\/tr><tr><td>\n  Po\u0161ta\n  <\/td><td>Veliko Trojstvo   <\/td><td>\n  &nbsp;\n  <\/td><\/tr><tr><td>\n  OIB\n  <\/td><td>94534851207   <\/td><td>\n  &nbsp;\n  <\/td><\/tr><tr><td>\n  IBAN\n  <\/td><td>HR5624020061100068163   <\/td><td>\n  &nbsp;\n  <\/td><\/tr><tr><td>\n  Predsjednik\n  <\/td><td>Zlatko Kolari\u0107   <\/td><td>   091\/2535-206\u00a0    <\/td><\/tr><tr><td>\n  Tajnik\n  <\/td><td>Dino Kozi\u0107   <\/td><td>   \u00a0    <\/td><\/tr><tr><td>\n  Broj i naziv lovi\u0161ta\n  <\/td><td>VII\/110 \u201cBJELOVACKA\u201d   <\/td><td>\n  &nbsp;\n  <\/td><\/tr><tr><td>\n  Broj lovaca\n  <\/td><td>34   <\/td><td>\n  &nbsp;\n  <\/td><\/tr><tr><td>   E-mail<\/td><td>kkolaric24@gmail.com   <\/td><td>\n  &nbsp;\n  <\/td><\/tr><\/tbody><\/table><\/figure>\n","protected":false},"excerpt":{"rendered":"<p>Naziv dru\u0161tva Lova\u010dko udru\u017eenje &#8220;Vepar&#8221; Puri\u010dani &nbsp; Adresa Grginac 75, 43226 Veliko Trojstvo &nbsp; Po\u0161ta Veliko Trojstvo &nbsp; OIB 94534851207 &nbsp; IBAN HR5624020061100068163 &nbsp; Predsjednik Zlatko Kolari\u0107 091\/2535-206\u00a0 Tajnik Dino Kozi\u0107 \u00a0 Broj i naziv lovi\u0161ta VII\/110 \u201cBJELOVACKA\u201d &nbsp; Broj lovaca 34 &nbsp; E-mail kkolaric24@gmail.com &nbsp;<\/p>\n","protected":false},"author":1,"featured_media":0,"parent":0,"menu_order":0,"comment_status":"closed","ping_status":"closed","template":"","meta":{"footnotes":""},"_links":{"self":[{"href":"https:\/\/www.lsbbz.hr\/index.php?rest_route=\/wp\/v2\/pages\/330"}],"collection":[{"href":"https:\/\/www.lsbbz.hr\/index.php?rest_route=\/wp\/v2\/pages"}],"about":[{"href":"https:\/\/www.lsbbz.hr\/index.php?rest_route=\/wp\/v2\/types\/page"}],"author":[{"embeddable":true,"href":"https:\/\/www.lsbbz.hr\/index.php?rest_route=\/wp\/v2\/users\/1"}],"replies":[{"embeddable":true,"href":"https:\/\/www.lsbbz.hr\/index.php?rest_route=%2Fwp%2Fv2%2Fcomments&post=330"}],"version-history":[{"count":5,"href":"https:\/\/www.lsbbz.hr\/index.php?rest_route=\/wp\/v2\/pages\/330\/revisions"}],"predecessor-version":[{"id":739,"href":"https:\/\/www.lsbbz.hr\/index.php?rest_route=\/wp\/v2\/pages\/330\/revisions\/739"}],"wp:attachment":[{"href":"https:\/\/www.lsbbz.hr\/index.php?rest_route=%2Fwp%2Fv2%2Fmedia&parent=330"}],"curies":[{"name":"wp","href":"https:\/\/api.w.org\/{rel}","templated":true}]}}