{"id":332,"date":"2019-11-17T10:55:04","date_gmt":"2019-11-17T09:55:04","guid":{"rendered":"https:\/\/www.lsbbz.hr\/?page_id=332"},"modified":"2023-07-31T09:09:54","modified_gmt":"2023-07-31T08:09:54","slug":"ribnjacarstvo-d-d","status":"publish","type":"page","link":"https:\/\/www.lsbbz.hr\/?page_id=332","title":{"rendered":"Ribnja\u010darstvo Kon\u010danica d.d."},"content":{"rendered":"\n<table class=\"wp-block-table is-style-stripes\"><tbody><tr><td>\n  Naziv lovozakupnika\n  <\/td><td>   Ribnja\u010darstvo   Kon\u010danica&nbsp; d.d.    <\/td><td>\n  &nbsp;\n  <\/td><\/tr><tr><td>\n  Adresa\n  <\/td><td>\n  Kon\u010danica 488\n  <\/td><td>\n  &nbsp;\n  <\/td><\/tr><tr><td>\n  Po\u0161ta\n  <\/td><td>\n  Kon\u010danica\n  <\/td><td>\n  &nbsp;\n  <\/td><\/tr><tr><td>\n  OIB\n  <\/td><td>\n  16935091861\n  <\/td><td>\n  &nbsp;\n  <\/td><\/tr><tr><td>\n  IBAN\n  <\/td><td>\n  HR3623400091100056308\n  <\/td><td>\n  &nbsp;\n  <\/td><\/tr><tr><td>\n  Predsjednik\n  <\/td><td>   Mladen Previ\u0107 091\/239-1008<\/td><td>\n  &nbsp;\n  <\/td><\/tr><tr><td>\n  Tajnik\n  <\/td><td>\n  &nbsp;\n  <\/td><td>\n  &nbsp;\n  <\/td><\/tr><tr><td>\n  Broj i naziv lovi\u0161ta\n  <\/td><td>\n  VII\/501\n  \u201cKON\u010cANICA-\u0110UR\u0110I\u010cKA\u201d\n  <\/td><td>\n  &nbsp;\n  <\/td><\/tr><tr><td>\n  Broj lovaca\n  <\/td><td>   6   <\/td><td>\n  &nbsp;\n  <\/td><\/tr><tr><td>\n  e-mail\n  <\/td><td>\n  ribnjacarstvo.koncanica@bj.t-com.hr\n  <\/td><td>\n  &nbsp;\n  <\/td><\/tr><\/tbody><\/table>\n","protected":false},"excerpt":{"rendered":"<p>Naziv lovozakupnika Ribnja\u010darstvo Kon\u010danica&nbsp; d.d. &nbsp; Adresa Kon\u010danica 488 &nbsp; Po\u0161ta Kon\u010danica &nbsp; OIB 16935091861 &nbsp; IBAN HR3623400091100056308 &nbsp; Predsjednik Mladen Previ\u0107 091\/239-1008 &nbsp; Tajnik &nbsp; &nbsp; Broj i naziv lovi\u0161ta VII\/501 \u201cKON\u010cANICA-\u0110UR\u0110I\u010cKA\u201d &nbsp; Broj lovaca 6 &nbsp; e-mail ribnjacarstvo.koncanica@bj.t-com.hr &nbsp;<\/p>\n","protected":false},"author":1,"featured_media":0,"parent":0,"menu_order":0,"comment_status":"closed","ping_status":"closed","template":"","meta":{"footnotes":""},"_links":{"self":[{"href":"https:\/\/www.lsbbz.hr\/index.php?rest_route=\/wp\/v2\/pages\/332"}],"collection":[{"href":"https:\/\/www.lsbbz.hr\/index.php?rest_route=\/wp\/v2\/pages"}],"about":[{"href":"https:\/\/www.lsbbz.hr\/index.php?rest_route=\/wp\/v2\/types\/page"}],"author":[{"embeddable":true,"href":"https:\/\/www.lsbbz.hr\/index.php?rest_route=\/wp\/v2\/users\/1"}],"replies":[{"embeddable":true,"href":"https:\/\/www.lsbbz.hr\/index.php?rest_route=%2Fwp%2Fv2%2Fcomments&post=332"}],"version-history":[{"count":5,"href":"https:\/\/www.lsbbz.hr\/index.php?rest_route=\/wp\/v2\/pages\/332\/revisions"}],"predecessor-version":[{"id":575,"href":"https:\/\/www.lsbbz.hr\/index.php?rest_route=\/wp\/v2\/pages\/332\/revisions\/575"}],"wp:attachment":[{"href":"https:\/\/www.lsbbz.hr\/index.php?rest_route=%2Fwp%2Fv2%2Fmedia&parent=332"}],"curies":[{"name":"wp","href":"https:\/\/api.w.org\/{rel}","templated":true}]}}