{"id":6,"date":"2022-02-04T19:41:43","date_gmt":"2022-02-04T18:41:43","guid":{"rendered":"http:\/\/test.lsbbz.hr\/?page_id=6"},"modified":"2024-02-16T08:12:14","modified_gmt":"2024-02-16T07:12:14","slug":"podaci-i-organizacija","status":"publish","type":"page","link":"https:\/\/www.lsbbz.hr\/?page_id=6","title":{"rendered":"Podaci i organizacija"},"content":{"rendered":"\n<p class=\"has-base-color has-text-color has-link-color wp-elements-c2ea9039efb9fb869c7b75530174383a\">Bjelovarsko-bilogorska \u017eupanija, na sjeverozapadu Republike Hrvatske, odlikuje se nizinama uz rijeke \u010cesmu, Ilovu, Veliku, Toplicu i Bijelu, uokvirenim bre\u017euljkastim podru\u010djima Bilogore, Moslava\u010dke gore i Papuka. \u017dupanija se prostire na nadmorskoj visini izme\u0111u 100 i 850 m, bogata je \u0161umama i slatkovodnim ribnjacima, a uz blagu kontinentalnu klimu, prostrana i bogata lovi\u0161ta i termalne izvore nudi brojne mogu\u0107nosti lovnog, rekreativnog i lje\u010dili\u0161nog turizma. Lovi\u0161ta se ubrajaju me\u0111u najkvalitetnija u Hrvatskoj s najbrojnijom i najkvalitetnijom srne\u0107om divlja\u010di \u010dije je kapitalno i atipi\u010dno rogovlje poznato diljem Europe. Na povr\u0161ini od oko 260.000 ha u slobodnoj prirodi obitava jelenska divlja\u010d, divlje svinje, srne\u0107a divlja\u010d, ze\u010devi, fazani, ve\u0107i broj ptica mo\u010dvarica, zatim tr\u010dki, prepelica, divljih golubova, \u0161ljuka, te ve\u0107a populacija muflona i jelena lopatara. O tom lovnom bogatstvu brine oko 1900 lovaca udru\u017eenih u 50 lova\u010dkih udruga, koje su \u010dlanice Lova\u010dkog saveza Bjelovarsko &#8211; bilogorske \u017eupanije.<\/p>\n\n\n\n<p class=\"has-base-color has-text-color has-link-color wp-elements-3158e7e2bd737b146153a61c52b5db64\">Bjelovarsko-bilogorska \u017eupanija raspola\u017ee sa preko 1000 le\u017eaja u hotelima, hostelima i motelima, a uz seoska gospodarstva i lova\u010dke ku\u0107e koje se prete\u017eno nalaze u samom lovi\u0161tu, \u0161to lovcima turistima pru\u017ea poseban ugo\u0111aj, nudi ugodan boravak i odmor.<\/p>\n\n\n\n<p class=\"has-base-color has-text-color has-link-color wp-elements-25ab5dc2c7d7ba5c25e761b99531923f\">Dame i gospodo, lovkinje i lovci, dragi prijatelji! Ono \u0161to nas povezuje je priroda i divlja\u010d koja \u017eivi i obitava u njoj, a zajedni\u010dki cilj nam je uzgojiti zdravu i kvalitetnu populaciju kako krupne, tako i sitne plemenite divlja\u010di.\u00a0Zada\u0107a koju smo naslijedili od na\u0161ih predaka je gospodariti prirodom, ali samo na odgovoran i odr\u017eiv na\u010din, jer samo takvim na\u010dinom gospodarenja \u0107emo osigurati i o\u010duvati stabilne fondove divlja\u010di, raznolikost prirode za nas, za na\u0161u djecu i budu\u0107e nara\u0161taje.<\/p>\n\n\n\n<p class=\"has-base-color has-text-color has-link-color wp-elements-7dfc59b48fbee9313845e6557c59bfb6\">Ciljevi lova\u010dkog saveza su:<\/p>\n\n\n\n<div class=\"wp-block-group has-base-color has-text-color has-link-color wp-elements-a4e9cacc6d4b1a5b9cc61d96565a2207 has-global-padding is-layout-constrained wp-block-group-is-layout-constrained\">\n<ul>\n<li>promid\u017eba lovstva kao organizirane djelatnosti na principima o\u010duvanja i za\u0161tite okoli\u0161a, te po\u0161tivanja prirodnih i dru\u0161tvenih pravila<\/li>\n<li>unaprje\u0111enje lovnog odgoja i izobrazbe, te razvoj lovne kulture me\u0111u lovcima<\/li>\n<li>razvoj i unaprje\u0111enje lovne kinologije i lovnog strelja\u0161tva<\/li>\n<li>uzgoj, za\u0161tita i lov divlja\u010di<\/li>\n<li>za\u0161tita interesa, te pomo\u0107 u organizaciji i djelovanju svojih \u010dlanova<\/li>\n<li>njegovanje i razvijanje lova\u010dke etike na tradiciji lova u Bjelovarsko-bilogorskoj \u017eupaniji i Hrvatskoj<\/li>\n<li>utjecaj na dono\u0161enje propisa iz oblasti lovstva<\/li>\n<li>i drugi sli\u010dni ciljevi koji su u interesu lovstva i \u010dlanova Saveza.<\/li>\n<\/ul>\n<\/div>\n","protected":false},"excerpt":{"rendered":"<p>Bjelovarsko-bilogorska \u017eupanija, na sjeverozapadu Republike Hrvatske, odlikuje se nizinama uz rijeke \u010cesmu, Ilovu, Veliku, Toplicu i Bijelu, uokvirenim bre\u017euljkastim podru\u010djima Bilogore, Moslava\u010dke gore i Papuka. \u017dupanija se prostire na nadmorskoj visini izme\u0111u 100 i 850 m, bogata je \u0161umama i slatkovodnim ribnjacima, a uz blagu kontinentalnu klimu, prostrana i bogata lovi\u0161ta i termalne izvore nudi [&hellip;]<\/p>\n","protected":false},"author":2,"featured_media":0,"parent":0,"menu_order":0,"comment_status":"closed","ping_status":"closed","template":"","meta":{"footnotes":""},"_links":{"self":[{"href":"https:\/\/www.lsbbz.hr\/index.php?rest_route=\/wp\/v2\/pages\/6"}],"collection":[{"href":"https:\/\/www.lsbbz.hr\/index.php?rest_route=\/wp\/v2\/pages"}],"about":[{"href":"https:\/\/www.lsbbz.hr\/index.php?rest_route=\/wp\/v2\/types\/page"}],"author":[{"embeddable":true,"href":"https:\/\/www.lsbbz.hr\/index.php?rest_route=\/wp\/v2\/users\/2"}],"replies":[{"embeddable":true,"href":"https:\/\/www.lsbbz.hr\/index.php?rest_route=%2Fwp%2Fv2%2Fcomments&post=6"}],"version-history":[{"count":8,"href":"https:\/\/www.lsbbz.hr\/index.php?rest_route=\/wp\/v2\/pages\/6\/revisions"}],"predecessor-version":[{"id":659,"href":"https:\/\/www.lsbbz.hr\/index.php?rest_route=\/wp\/v2\/pages\/6\/revisions\/659"}],"wp:attachment":[{"href":"https:\/\/www.lsbbz.hr\/index.php?rest_route=%2Fwp%2Fv2%2Fmedia&parent=6"}],"curies":[{"name":"wp","href":"https:\/\/api.w.org\/{rel}","templated":true}]}}