{"id":74,"date":"2018-11-17T14:38:10","date_gmt":"2018-11-17T13:38:10","guid":{"rendered":"http:\/\/test.lsbbz.hr\/?page_id=74"},"modified":"2024-02-16T09:12:30","modified_gmt":"2024-02-16T08:12:30","slug":"kontakt","status":"publish","type":"page","link":"https:\/\/www.lsbbz.hr\/?page_id=74","title":{"rendered":"Kontakt"},"content":{"rendered":"\n<div class=\"wp-block-group has-base-color has-text-color has-link-color wp-elements-312a56104439afa820280d081895b928 has-global-padding is-layout-constrained wp-block-group-is-layout-constrained\">\n<p>Adresa: Trg Kralja Tomislava 5<br>Mjesto: 43000 Bjelovar<br>OIB: 54172761972<br>Telefon: 043 241 141<br>E-mail: <a href=\"mailto:ls.bjelovarsko-bilogorske@hls.com.hr\">ls.bjelovarsko-bilogorske@hls.com.hr<\/a><\/p>\n\n\n\n<h3 class=\"wp-block-heading\">Predsjednik saveza<\/h3>\n\n\n\n<p>g. Branimir Stanki\u0107 <br>Mobitel: 099 323 7666<\/p>\n\n\n\n<h3 class=\"wp-block-heading\">Tajni\u0161tvo i stru\u010dna slu\u017eba<\/h3>\n\n\n\n<p>Podaci su trenutno nedostupni.<\/p>\n<\/div>\n","protected":false},"excerpt":{"rendered":"<p>Adresa: Trg Kralja Tomislava 5Mjesto: 43000 BjelovarOIB: 54172761972Telefon: 043 241 141E-mail: ls.bjelovarsko-bilogorske@hls.com.hr Predsjednik saveza g. Branimir Stanki\u0107 Mobitel: 099 323 7666 Tajni\u0161tvo i stru\u010dna slu\u017eba Podaci su trenutno nedostupni.<\/p>\n","protected":false},"author":2,"featured_media":0,"parent":0,"menu_order":0,"comment_status":"closed","ping_status":"closed","template":"","meta":{"footnotes":""},"_links":{"self":[{"href":"https:\/\/www.lsbbz.hr\/index.php?rest_route=\/wp\/v2\/pages\/74"}],"collection":[{"href":"https:\/\/www.lsbbz.hr\/index.php?rest_route=\/wp\/v2\/pages"}],"about":[{"href":"https:\/\/www.lsbbz.hr\/index.php?rest_route=\/wp\/v2\/types\/page"}],"author":[{"embeddable":true,"href":"https:\/\/www.lsbbz.hr\/index.php?rest_route=\/wp\/v2\/users\/2"}],"replies":[{"embeddable":true,"href":"https:\/\/www.lsbbz.hr\/index.php?rest_route=%2Fwp%2Fv2%2Fcomments&post=74"}],"version-history":[{"count":14,"href":"https:\/\/www.lsbbz.hr\/index.php?rest_route=\/wp\/v2\/pages\/74\/revisions"}],"predecessor-version":[{"id":683,"href":"https:\/\/www.lsbbz.hr\/index.php?rest_route=\/wp\/v2\/pages\/74\/revisions\/683"}],"wp:attachment":[{"href":"https:\/\/www.lsbbz.hr\/index.php?rest_route=%2Fwp%2Fv2%2Fmedia&parent=74"}],"curies":[{"name":"wp","href":"https:\/\/api.w.org\/{rel}","templated":true}]}}